{"id":2512,"date":"2016-01-10T00:32:45","date_gmt":"2016-01-10T00:32:45","guid":{"rendered":"https:\/\/themify.me\/demo\/themes\/landing\/?page_id=2512"},"modified":"2020-11-26T05:19:00","modified_gmt":"2020-11-26T05:19:00","slug":"home","status":"publish","type":"page","link":"https:\/\/creativebox.pt\/storytelling\/home\/","title":{"rendered":""},"content":{"rendered":"<div id=\"themify_builder_content-2512\" data-postid=\"2512\" class=\"themify_builder_content themify_builder_content-2512 themify_builder\">\n    \t<!-- module_row -->\n\t<div   class=\"themify_builder_row module_row clearfix builder-parallax-scrolling module_row_0 themify_builder_2512_row module_row_2512-0 tb_bhyg026\">\n\t    <div class=\"builder_row_cover\"><\/div>\t    <div class=\"row_inner col_align_top\" >\n\t\t\t<div  class=\"module_column tb-column col-full  first tb_2512_column module_column_0 module_column_2512-0-0 tb_x8ac276\" >\n\t    \t    \t        <div class=\"tb-column-inner\">\n\t\t        <div class=\"tb_slider_loader\"><\/div>\n    <div  class=\"module clearfix themify_builder_slider_wrap module-slider tb_g68j009  slider-default  themify_builder_slider_vertical \">\n\t                <ul class=\"themify_builder_slider\"\n\t    data-id=\"tb_g68j009\"\n            data-visible=\"1\"\n            data-mob-visible=\"\"\n            data-scroll=\"1\" \n            data-auto-scroll=\"off\"\n            data-speed=\"1\"\n            data-wrap=\"yes\"\n            data-arrow=\"yes\"\n            data-pagination=\"yes\"\n            data-effect=\"scroll\" \n            data-height=\"variable\"\n            data-pause-on-hover=\"resume\"\n            data-play-controller=\"no\"\n            data-horizontal=\"\"\n            data-type=\"video\">\n                            <li>\n            <div class=\"slide-inner-wrap\">\n                                                        <div class=\"slide-image video-wrap\">\n\t                                    <\/div><!-- \/video-wrap -->\n                \n                <div class=\"slide-content tb_text_wrap\">\n                    <h3 class=\"slide-title\">\n                                            <\/h3>\n                    <div class=\"video-caption\">\n                                            <\/div>\n                    <!-- \/video-caption -->\n                <\/div><!-- \/video-content -->\n            <\/div>\n        <\/li>\n            <li>\n            <div class=\"slide-inner-wrap\">\n                                                        <div class=\"slide-image video-wrap\">\n\t                                    <\/div><!-- \/video-wrap -->\n                \n                <div class=\"slide-content tb_text_wrap\">\n                    <h3 class=\"slide-title\">\n                                            <\/h3>\n                    <div class=\"video-caption\">\n                                            <\/div>\n                    <!-- \/video-caption -->\n                <\/div><!-- \/video-content -->\n            <\/div>\n        <\/li>\n            <li>\n            <div class=\"slide-inner-wrap\">\n                                                        <div class=\"slide-image video-wrap\">\n\t                                    <\/div><!-- \/video-wrap -->\n                \n                <div class=\"slide-content tb_text_wrap\">\n                    <h3 class=\"slide-title\">\n                                            <\/h3>\n                    <div class=\"video-caption\">\n                                            <\/div>\n                    <!-- \/video-caption -->\n                <\/div><!-- \/video-content -->\n            <\/div>\n        <\/li>\n            <li>\n            <div class=\"slide-inner-wrap\">\n                                                        <div class=\"slide-image video-wrap\">\n\t                <iframe loading=\"lazy\" title=\"Sophia e Diogo\" src=\"https:\/\/player.vimeo.com\/video\/276859663?dnt=1&amp;app_id=122963\" width=\"1165\" height=\"655\"  allow=\"autoplay; fullscreen; picture-in-picture; clipboard-write; encrypted-media; web-share\" referrerpolicy=\"strict-origin-when-cross-origin\"><\/iframe>                    <\/div><!-- \/video-wrap -->\n                \n                <div class=\"slide-content tb_text_wrap\">\n                    <h3 class=\"slide-title\">\n                                            <\/h3>\n                    <div class=\"video-caption\">\n                                            <\/div>\n                    <!-- \/video-caption -->\n                <\/div><!-- \/video-content -->\n            <\/div>\n        <\/li>\n            <li>\n            <div class=\"slide-inner-wrap\">\n                                                        <div class=\"slide-image video-wrap\">\n\t                                    <\/div><!-- \/video-wrap -->\n                \n                <div class=\"slide-content tb_text_wrap\">\n                    <h3 class=\"slide-title\">\n                                            <\/h3>\n                    <div class=\"video-caption\">\n                                            <\/div>\n                    <!-- \/video-caption -->\n                <\/div><!-- \/video-content -->\n            <\/div>\n        <\/li>\n            <li>\n            <div class=\"slide-inner-wrap\">\n                                                        <div class=\"slide-image video-wrap\">\n\t                                    <\/div><!-- \/video-wrap -->\n                \n                <div class=\"slide-content tb_text_wrap\">\n                    <h3 class=\"slide-title\">\n                                            <\/h3>\n                    <div class=\"video-caption\">\n                                            <\/div>\n                    <!-- \/video-caption -->\n                <\/div><!-- \/video-content -->\n            <\/div>\n        <\/li>\n            <li>\n            <div class=\"slide-inner-wrap\">\n                                                        <div class=\"slide-image video-wrap\">\n\t                                    <\/div><!-- \/video-wrap -->\n                \n                <div class=\"slide-content tb_text_wrap\">\n                    <h3 class=\"slide-title\">\n                                            <\/h3>\n                    <div class=\"video-caption\">\n                                            <\/div>\n                    <!-- \/video-caption -->\n                <\/div><!-- \/video-content -->\n            <\/div>\n        <\/li>\n            <\/ul>\n    <\/div>\n        \t        <\/div>\n\t    \t<\/div>\n\t\t    <\/div>\n\t    <!-- \/row_inner -->\n\t<\/div>\n\t<!-- \/module_row -->\n\t<\/div>\n\n\n\n<!-- Facebook Like Button Vivacity Infotech BEGIN -->\n<div class=\"fb-like\" data-href=\"https:\/\/creativebox.pt\/storytelling\/home\/\" data-layout=\"button\" data-action=\"like\" data-show-faces=\"false\" data-size=\"small\" data-width=\"450\" data-share=\"1\" ><\/div>\n<!-- Facebook Like Button Vivacity Infotech END -->\n","protected":false},"excerpt":{"rendered":"","protected":false},"author":1,"featured_media":0,"parent":0,"menu_order":0,"comment_status":"closed","ping_status":"closed","template":"","meta":{"footnotes":""},"class_list":["post-2512","page","type-page","status-publish","hentry","has-post-title","has-post-date","has-post-category","has-post-tag","has-post-comment","has-post-author",""],"yoast_head":"<!-- This site is optimized with the Yoast SEO plugin v24.0 - https:\/\/yoast.com\/wordpress\/plugins\/seo\/ -->\n<title>Storytelling - Wedding Cinematography - V\u00eddeo de Casamento<\/title>\n<meta name=\"description\" content=\"A Storytelling \u00e9 uma produtora audiovisual de v\u00eddeo de casamento. Tem a miss\u00e3o de inovar face aos tradicionais filmes de casamento. Storytelling is a wedding video producer. Our mission is to innovate on wedding films by capturing cinematic images.\" \/>\n<meta name=\"robots\" content=\"index, follow, max-snippet:-1, max-image-preview:large, max-video-preview:-1\" \/>\n<link rel=\"canonical\" href=\"https:\/\/creativebox.pt\/storytelling\/home\/\" \/>\n<meta property=\"og:locale\" content=\"pt_PT\" \/>\n<meta property=\"og:type\" content=\"article\" \/>\n<meta property=\"og:title\" content=\"Storytelling - Videografia de Casamento\" \/>\n<meta property=\"og:description\" content=\"A CreativeBox Storytelling \u00e9 uma produtora audiovisual dedicada ao sector nupcial. Tem a miss\u00e3o de inovar face aos tradicionais filmes de casamento.\" \/>\n<meta property=\"og:url\" content=\"https:\/\/creativebox.pt\/storytelling\/home\/\" \/>\n<meta property=\"og:site_name\" content=\"Storytelling Films\" \/>\n<meta property=\"article:publisher\" content=\"https:\/\/www.facebook.com\/creativeboxstorytelling\" \/>\n<meta property=\"article:modified_time\" content=\"2020-11-26T05:19:00+00:00\" \/>\n<meta property=\"og:image\" content=\"https:\/\/creativebox.pt\/storytelling\/wp-content\/uploads\/sites\/4\/2018\/04\/Propostas_2018-01.jpg\" \/>\n\t<meta property=\"og:image:width\" content=\"3508\" \/>\n\t<meta property=\"og:image:height\" content=\"2480\" \/>\n\t<meta property=\"og:image:type\" content=\"image\/jpeg\" \/>\n<meta name=\"twitter:card\" content=\"summary_large_image\" \/>\n<script type=\"application\/ld+json\" class=\"yoast-schema-graph\">{\"@context\":\"https:\/\/schema.org\",\"@graph\":[{\"@type\":\"WebPage\",\"@id\":\"https:\/\/creativebox.pt\/storytelling\/home\/\",\"url\":\"https:\/\/creativebox.pt\/storytelling\/home\/\",\"name\":\"Storytelling - Wedding Cinematography - V\u00eddeo de Casamento\",\"isPartOf\":{\"@id\":\"https:\/\/creativebox.pt\/storytelling\/#website\"},\"datePublished\":\"2016-01-10T00:32:45+00:00\",\"dateModified\":\"2020-11-26T05:19:00+00:00\",\"description\":\"A Storytelling \u00e9 uma produtora audiovisual de v\u00eddeo de casamento. Tem a miss\u00e3o de inovar face aos tradicionais filmes de casamento. Storytelling is a wedding video producer. Our mission is to innovate on wedding films by capturing cinematic images.\",\"inLanguage\":\"pt-PT\",\"potentialAction\":[{\"@type\":\"ReadAction\",\"target\":[\"https:\/\/creativebox.pt\/storytelling\/home\/\"]}]},{\"@type\":\"WebSite\",\"@id\":\"https:\/\/creativebox.pt\/storytelling\/#website\",\"url\":\"https:\/\/creativebox.pt\/storytelling\/\",\"name\":\"Storytelling Films\",\"description\":\"Wedding Filmmakers\",\"publisher\":{\"@id\":\"https:\/\/creativebox.pt\/storytelling\/#organization\"},\"potentialAction\":[{\"@type\":\"SearchAction\",\"target\":{\"@type\":\"EntryPoint\",\"urlTemplate\":\"https:\/\/creativebox.pt\/storytelling\/?s={search_term_string}\"},\"query-input\":{\"@type\":\"PropertyValueSpecification\",\"valueRequired\":true,\"valueName\":\"search_term_string\"}}],\"inLanguage\":\"pt-PT\"},{\"@type\":\"Organization\",\"@id\":\"https:\/\/creativebox.pt\/storytelling\/#organization\",\"name\":\"Storytelling - Wedding Video\",\"url\":\"https:\/\/creativebox.pt\/storytelling\/\",\"logo\":{\"@type\":\"ImageObject\",\"inLanguage\":\"pt-PT\",\"@id\":\"https:\/\/creativebox.pt\/storytelling\/#\/schema\/logo\/image\/\",\"url\":\"https:\/\/creativebox.pt\/storytelling\/wp-content\/uploads\/sites\/4\/2018\/04\/novo_logo_cinza-05.png\",\"contentUrl\":\"https:\/\/creativebox.pt\/storytelling\/wp-content\/uploads\/sites\/4\/2018\/04\/novo_logo_cinza-05.png\",\"width\":1889,\"height\":869,\"caption\":\"Storytelling - Wedding Video\"},\"image\":{\"@id\":\"https:\/\/creativebox.pt\/storytelling\/#\/schema\/logo\/image\/\"},\"sameAs\":[\"https:\/\/www.facebook.com\/creativeboxstorytelling\",\"https:\/\/www.instagram.com\/storytelling_weddingfilms\",\"https:\/\/www.youtube.com\/channel\/UC3EtYZ_a0X-f5G-k80v37Cw\"]}]}<\/script>\n<!-- \/ Yoast SEO plugin. -->","yoast_head_json":{"title":"Storytelling - Wedding Cinematography - V\u00eddeo de Casamento","description":"A Storytelling \u00e9 uma produtora audiovisual de v\u00eddeo de casamento. Tem a miss\u00e3o de inovar face aos tradicionais filmes de casamento. Storytelling is a wedding video producer. Our mission is to innovate on wedding films by capturing cinematic images.","robots":{"index":"index","follow":"follow","max-snippet":"max-snippet:-1","max-image-preview":"max-image-preview:large","max-video-preview":"max-video-preview:-1"},"canonical":"https:\/\/creativebox.pt\/storytelling\/home\/","og_locale":"pt_PT","og_type":"article","og_title":"Storytelling - Videografia de Casamento","og_description":"A CreativeBox Storytelling \u00e9 uma produtora audiovisual dedicada ao sector nupcial. Tem a miss\u00e3o de inovar face aos tradicionais filmes de casamento.","og_url":"https:\/\/creativebox.pt\/storytelling\/home\/","og_site_name":"Storytelling Films","article_publisher":"https:\/\/www.facebook.com\/creativeboxstorytelling","article_modified_time":"2020-11-26T05:19:00+00:00","og_image":[{"width":3508,"height":2480,"url":"https:\/\/creativebox.pt\/storytelling\/wp-content\/uploads\/sites\/4\/2018\/04\/Propostas_2018-01.jpg","type":"image\/jpeg"}],"twitter_card":"summary_large_image","schema":{"@context":"https:\/\/schema.org","@graph":[{"@type":"WebPage","@id":"https:\/\/creativebox.pt\/storytelling\/home\/","url":"https:\/\/creativebox.pt\/storytelling\/home\/","name":"Storytelling - Wedding Cinematography - V\u00eddeo de Casamento","isPartOf":{"@id":"https:\/\/creativebox.pt\/storytelling\/#website"},"datePublished":"2016-01-10T00:32:45+00:00","dateModified":"2020-11-26T05:19:00+00:00","description":"A Storytelling \u00e9 uma produtora audiovisual de v\u00eddeo de casamento. Tem a miss\u00e3o de inovar face aos tradicionais filmes de casamento. Storytelling is a wedding video producer. Our mission is to innovate on wedding films by capturing cinematic images.","inLanguage":"pt-PT","potentialAction":[{"@type":"ReadAction","target":["https:\/\/creativebox.pt\/storytelling\/home\/"]}]},{"@type":"WebSite","@id":"https:\/\/creativebox.pt\/storytelling\/#website","url":"https:\/\/creativebox.pt\/storytelling\/","name":"Storytelling Films","description":"Wedding Filmmakers","publisher":{"@id":"https:\/\/creativebox.pt\/storytelling\/#organization"},"potentialAction":[{"@type":"SearchAction","target":{"@type":"EntryPoint","urlTemplate":"https:\/\/creativebox.pt\/storytelling\/?s={search_term_string}"},"query-input":{"@type":"PropertyValueSpecification","valueRequired":true,"valueName":"search_term_string"}}],"inLanguage":"pt-PT"},{"@type":"Organization","@id":"https:\/\/creativebox.pt\/storytelling\/#organization","name":"Storytelling - Wedding Video","url":"https:\/\/creativebox.pt\/storytelling\/","logo":{"@type":"ImageObject","inLanguage":"pt-PT","@id":"https:\/\/creativebox.pt\/storytelling\/#\/schema\/logo\/image\/","url":"https:\/\/creativebox.pt\/storytelling\/wp-content\/uploads\/sites\/4\/2018\/04\/novo_logo_cinza-05.png","contentUrl":"https:\/\/creativebox.pt\/storytelling\/wp-content\/uploads\/sites\/4\/2018\/04\/novo_logo_cinza-05.png","width":1889,"height":869,"caption":"Storytelling - Wedding Video"},"image":{"@id":"https:\/\/creativebox.pt\/storytelling\/#\/schema\/logo\/image\/"},"sameAs":["https:\/\/www.facebook.com\/creativeboxstorytelling","https:\/\/www.instagram.com\/storytelling_weddingfilms","https:\/\/www.youtube.com\/channel\/UC3EtYZ_a0X-f5G-k80v37Cw"]}]}},"builder_content":"<ul data-id=\"tb_g68j009\" data-visible=\"1\" data-mob-visible=\"\" data-scroll=\"1\" data-auto-scroll=\"off\" data-speed=\"1\" data-wrap=\"yes\" data-arrow=\"yes\" data-pagination=\"yes\" data-effect=\"scroll\" data-height=\"variable\" data-pause-on-hover=\"resume\" data-play-controller=\"no\" data-horizontal=\"\" data-type=\"video\"> <li> <h3> <\/h3> <\/li> <li> <h3> <\/h3> <\/li> <li> <h3> <\/h3> <\/li> <li> <iframe title=\"Sophia e Diogo\" src=\"https:\/\/player.vimeo.com\/video\/276859663?dnt=1&amp;app_id=122963\" width=\"1165\" height=\"655\" allow=\"autoplay; fullscreen; picture-in-picture; clipboard-write; encrypted-media; web-share\" referrerpolicy=\"strict-origin-when-cross-origin\"><\/iframe> <h3> <\/h3> <\/li> <li> <h3> <\/h3> <\/li> <li> <h3> <\/h3> <\/li> <li> <h3> <\/h3> <\/li> <\/ul>","_links":{"self":[{"href":"https:\/\/creativebox.pt\/storytelling\/wp-json\/wp\/v2\/pages\/2512","targetHints":{"allow":["GET"]}}],"collection":[{"href":"https:\/\/creativebox.pt\/storytelling\/wp-json\/wp\/v2\/pages"}],"about":[{"href":"https:\/\/creativebox.pt\/storytelling\/wp-json\/wp\/v2\/types\/page"}],"author":[{"embeddable":true,"href":"https:\/\/creativebox.pt\/storytelling\/wp-json\/wp\/v2\/users\/1"}],"replies":[{"embeddable":true,"href":"https:\/\/creativebox.pt\/storytelling\/wp-json\/wp\/v2\/comments?post=2512"}],"version-history":[{"count":259,"href":"https:\/\/creativebox.pt\/storytelling\/wp-json\/wp\/v2\/pages\/2512\/revisions"}],"predecessor-version":[{"id":6939,"href":"https:\/\/creativebox.pt\/storytelling\/wp-json\/wp\/v2\/pages\/2512\/revisions\/6939"}],"wp:attachment":[{"href":"https:\/\/creativebox.pt\/storytelling\/wp-json\/wp\/v2\/media?parent=2512"}],"curies":[{"name":"wp","href":"https:\/\/api.w.org\/{rel}","templated":true}]}}