{"id":3400,"date":"2015-04-16T20:38:35","date_gmt":"2015-04-16T20:38:35","guid":{"rendered":"https:\/\/themify.me\/demo\/themes\/ultra\/?page_id=3400"},"modified":"2020-11-13T17:00:36","modified_gmt":"2020-11-13T17:00:36","slug":"min-bar","status":"publish","type":"page","link":"https:\/\/creativebox.pt\/claudiomarques\/theme-appearance\/min-bar\/","title":{"rendered":"Min Bar"},"content":{"rendered":"\n<!-- Facebook Like Button Vivacity Infotech BEGIN -->\n<div class=\"fb-like\" data-href=\"https:\/\/creativebox.pt\/claudiomarques\/theme-appearance\/min-bar\/\" data-layout=\"standard\" data-action=\"like\" data-show-faces=\"false\" data-size=\"small\" data-width=\"450\" data-share=\"\" ><\/div>\n<!-- Facebook Like Button Vivacity Infotech END -->\n<div id=\"themify_builder_content-3400\" data-postid=\"3400\" class=\"themify_builder_content themify_builder_content-3400 themify_builder\">\n    \t<!-- module_row -->\n\t<div   class=\"themify_builder_row module_row clearfix builder-parallax-scrolling fullheight module_row_0 themify_builder_3400_row module_row_3400-0 tb_7j6e818\">\n\t    \t    <div class=\"row_inner col_align_top\" >\n\t\t\t<div  class=\"module_column tb-column col-full  first tb_3400_column module_column_0 module_column_3400-0-0 tb_mcvh900\">\n\t    \t    \t        <div class=\"tb-column-inner\">\n\t\t    \t<div  class=\"themify_builder_sub_row module_subrow clearfix sub_row_0-0-1 tb_9s3w898\">\n\t    \t    <div class=\"subrow_inner col_align_top\" >\n\t\t\t<div  class=\"sub_column module_column col4-2  first sub_column_post_3400 sub_column_0-0-1-0 tb_esqk707\"> \n\t    \t    \t<\/div>\n\t\t<div  class=\"sub_column module_column col4-2  last sub_column_post_3400 sub_column_0-0-1-1 tb_ghj5885\"> \n\t    \t    \t        <div class=\"tb-column-inner\">\n\t\t    <!-- module text -->\n<div  class=\"module module-text tb_zszm067    \">\n            <div  class=\"tb_text_wrap\">\n    <h1 style=\"text-align: right;\">BMW i8<\/h1><h5 style=\"text-align: right;\">Designed for Maximum Performance and Style<\/h5>    <\/div>\n<\/div>\n<!-- \/module text -->\n\t        <\/div>\n\t    \t<\/div>\n\t\t    <\/div>\n\t<\/div><!-- \/themify_builder_sub_row -->\n\t\t        <\/div>\n\t    \t<\/div>\n\t\t    <\/div>\n\t    <!-- \/row_inner -->\n\t<\/div>\n\t<!-- \/module_row -->\n\t\t<!-- module_row -->\n\t<div   class=\"themify_builder_row module_row clearfix builder-parallax-scrolling module_row_1 themify_builder_3400_row module_row_3400-1 tb_asql706\">\n\t    <div class=\"builder_row_cover\"><\/div>\t    <div class=\"row_inner col_align_top\" >\n\t\t\t<div  class=\"module_column tb-column col-full  first tb_3400_column module_column_0 module_column_3400-1-0 tb_swr3707\">\n\t    \t    \t        <div class=\"tb-column-inner\">\n\t\t    \t<div  class=\"themify_builder_sub_row module_subrow clearfix sub_row_1-0-1 tb_o35v008\">\n\t    \t    <div class=\"subrow_inner col_align_top\" >\n\t\t\t<div  class=\"sub_column module_column col4-1  first sub_column_post_3400 sub_column_1-0-1-0 tb_rjt8888\"> \n\t    \t    \t<\/div>\n\t\t<div  class=\"sub_column module_column col4-1 middle sub_column_post_3400 sub_column_1-0-1-1 tb_7y5p888\"> \n\t    \t    \t<\/div>\n\t\t<div  class=\"sub_column module_column col4-2  last sub_column_post_3400 sub_column_1-0-1-2 tb_6z30887\"> \n\t    \t    \t        <div class=\"tb-column-inner\">\n\t\t        <!-- module feature -->\n   <div  class=\"module module-feature tb_2i94070 with-chart layout-icon-left size-medium  \">\n        <style type=\"text\/css\">.tb_2i94070 .module-feature-chart-html5 {\n\t\t\t    box-shadow: inset 0 0 0 3px rgba(0,0,0,.1);\n\t\t\t}\n\t\t\t.tb_2i94070 .chart-loaded.chart-html5-fill {\n\t\t\t    box-shadow: inset 0 0 0 3px #ffffff;\n\t\t    }<\/style>\n        \n        <div class=\"module-feature-image\">\n            \n                            <a href=\"https:\/\/www.youtube.com\/watch?v=XgxsUiY_n0w\"  >\n                   \n                <div class=\"module-feature-chart-html5\"\n                                         data-progress=\"0\"\n                         data-progress-end=\"100\"\n                         data-size=\"150\"\n                                          >\n                    <div class=\"chart-html5-circle\">\n                                                    <div class=\"chart-html5-mask chart-html5-full\">\n                                <div class=\"chart-html5-fill\"><\/div>\n                            <\/div>\n                            <div class=\"chart-html5-mask chart-html5-half\">\n                                <div class=\"chart-html5-fill\"><\/div>\n                            <\/div>\n                                                <div class=\"chart-html5-inset chart-html5-inset-icon\">\n\n                                                                                            <i class=\"module-feature-icon fa fa-play\" style=\"color: #ffffff\"><\/i>                            \n                        <\/div>\n                    <\/div>\n                <\/div>\n\n                                <\/a>\n                    <\/div>\n\n        <div class=\"module-feature-content\">\n\t\t\t\t    <div class=\"tb_text_wrap\">\n\t\t<h4><br \/>To the Future<\/h4>\t    <\/div>\n\t<\/div>\n\n    <\/div>\n    <!-- \/module feature -->\n\t        <\/div>\n\t    \t<\/div>\n\t\t    <\/div>\n\t<\/div><!-- \/themify_builder_sub_row -->\n\t\t        <\/div>\n\t    \t<\/div>\n\t\t    <\/div>\n\t    <!-- \/row_inner -->\n\t<\/div>\n\t<!-- \/module_row -->\n\t\t<!-- module_row -->\n\t<div   class=\"themify_builder_row module_row clearfix module_row_2 themify_builder_3400_row module_row_3400-2 tb_7x2o070\">\n\t    \t    <div class=\"row_inner col_align_top\" >\n\t\t\t<div  class=\"module_column tb-column col3-1  first tb_3400_column module_column_0 module_column_3400-2-0 tb_zk1v070\">\n\t    \t    \t        <div class=\"tb-column-inner\">\n\t\t    \t        <\/div>\n\t    \t<\/div>\n\t\t<div  class=\"module_column tb-column col3-1 middle tb_3400_column module_column_1 module_column_3400-2-1 tb_6r51100\">\n\t    \t    \t        <div class=\"tb-column-inner\">\n\t\t    \t        <\/div>\n\t    \t<\/div>\n\t\t<div  class=\"module_column tb-column col3-1  last tb_3400_column module_column_2 module_column_3400-2-2 tb_kg1k807\">\n\t    \t    \t        <div class=\"tb-column-inner\">\n\t\t    \t        <\/div>\n\t    \t<\/div>\n\t\t    <\/div>\n\t    <!-- \/row_inner -->\n\t<\/div>\n\t<!-- \/module_row -->\n\t\t<!-- module_row -->\n\t<div   class=\"themify_builder_row module_row clearfix builder-parallax-scrolling fullheight module_row_3 themify_builder_3400_row module_row_3400-3 tb_06wj404\">\n\t    \t    <div class=\"row_inner col_align_top\" >\n\t\t\t<div  class=\"module_column tb-column col-full  first tb_3400_column module_column_0 module_column_3400-3-0 tb_9lba440\">\n\t    \t    \t        <div class=\"tb-column-inner\">\n\t\t    <!-- module text -->\n<div  class=\"module module-text tb_6t3n790    \">\n            <div  class=\"tb_text_wrap\">\n    <h1 style=\"text-align: center;\">Impressive Design without Compromise<\/h1>    <\/div>\n<\/div>\n<!-- \/module text -->\n\t        <\/div>\n\t    \t<\/div>\n\t\t    <\/div>\n\t    <!-- \/row_inner -->\n\t<\/div>\n\t<!-- \/module_row -->\n\t\t<!-- module_row -->\n\t<div   class=\"themify_builder_row module_row clearfix module_row_4 themify_builder_3400_row module_row_3400-4 tb_j5ry560\">\n\t    \t    <div class=\"row_inner col_align_top\" >\n\t\t\t<div  class=\"module_column tb-column col-full  first tb_3400_column module_column_0 module_column_3400-4-0 tb_bb0r860\">\n\t    \t    \t        <div class=\"tb-column-inner\">\n\t\t        <div class=\"tb_slider_loader\"><\/div>\n    <div  class=\"module clearfix themify_builder_slider_wrap module-slider tb_bmzg007  slider-agency   \">\n\t                <ul class=\"themify_builder_slider\"\n\t    data-id=\"tb_bmzg007\"\n            data-visible=\"1\"\n            data-mob-visible=\"\"\n            data-scroll=\"1\" \n            data-auto-scroll=\"4\"\n            data-speed=\"1\"\n            data-wrap=\"yes\"\n            data-arrow=\"yes\"\n            data-pagination=\"yes\"\n            data-effect=\"scroll\" \n            data-height=\"variable\"\n            data-pause-on-hover=\"resume\"\n            data-play-controller=\"no\"\n            data-horizontal=\"\"\n            >\n                    <!-- module slider image -->\n\n                    <li>\n            <div class=\"slide-inner-wrap\">\n                                    <div class=\"slide-image\">\n                                                                            <img decoding=\"async\" src=\"https:\/\/themify.me\/demo\/themes\/landing\/files\/2015\/03\/4-wheel-01.jpg\" width=\"800\" alt=\"Efficiency &amp; Dyamics\" \/>                                            <\/div><!-- \/slide-image -->\n                \n                                    <div class=\"slide-content tb_text_wrap\">\n\n                                                    <h3 class=\"slide-title\">\n                                                                    Efficiency & Dyamics                                                            <\/h3>\n                        \n                        <em>An Athlete in Top Form<\/em>\n\n<ul>\n <li>Aerodynamic Design<\/li>\n <li>Aerodynamic Features<\/li>\n <li>Intelligent Lightweight Construction<\/li>\n<\/ul>                    <\/div><!-- \/slide-content -->\n                            <\/div>\n        <\/li>\n                    <li>\n            <div class=\"slide-inner-wrap\">\n                                    <div class=\"slide-image\">\n                                                                            <img decoding=\"async\" src=\"https:\/\/themify.me\/demo\/themes\/landing\/files\/2015\/03\/visions-01.jpg\" width=\"800\" alt=\"Design\" \/>                                            <\/div><!-- \/slide-image -->\n                \n                                    <div class=\"slide-content tb_text_wrap\">\n\n                                                    <h3 class=\"slide-title\">\n                                                                    Design                                                            <\/h3>\n                        \n                        <em>Time for a new ideal<\/em>\n\n<ul>\n <li>Ambient Light<\/li>\n <li>Sustainable Materials<\/li>\n <li>Exterior Colours<\/li>\n <li>Scissor Doors<\/li>\n<\/ul>                    <\/div><!-- \/slide-content -->\n                            <\/div>\n        <\/li>\n                    <li>\n            <div class=\"slide-inner-wrap\">\n                                    <div class=\"slide-image\">\n                                                                            <img decoding=\"async\" src=\"https:\/\/themify.me\/demo\/themes\/landing\/files\/2015\/03\/service-inclusive.jpg\" width=\"800\" alt=\"Safety\" \/>                                            <\/div><!-- \/slide-image -->\n                \n                                    <div class=\"slide-content tb_text_wrap\">\n\n                                                    <h3 class=\"slide-title\">\n                                                                    Safety                                                            <\/h3>\n                        \n                        <em>Innovations that you can trust<\/em>\n\n<ul>\n <li>Charging Assistant<\/li>\n <li>BMW TeleServices<\/li>\n <li>Mobility Assistance<\/li>\n <li>Maintenance and Repair Packages<\/li>\n<\/ul>                    <\/div><!-- \/slide-content -->\n                            <\/div>\n        <\/li>\n            <\/ul>\n    <\/div>\n        \t        <\/div>\n\t    \t<\/div>\n\t\t    <\/div>\n\t    <!-- \/row_inner -->\n\t<\/div>\n\t<!-- \/module_row -->\n\t\t<!-- module_row -->\n\t<div   class=\"themify_builder_row module_row clearfix module_row_5 themify_builder_3400_row module_row_3400-5 tb_dzdh088\">\n\t    \t    <div class=\"row_inner col_align_top\" >\n\t\t\t<div  class=\"module_column tb-column col4-2  first tb_3400_column module_column_0 module_column_3400-5-0 tb_sklk060\">\n\t    \t    \t        <div class=\"tb-column-inner\">\n\t\t    <!-- module text -->\n<div  class=\"module module-text tb_1f87400    \">\n            <div  class=\"tb_text_wrap\">\n    <h3>Track Race Test<\/h3><p>The animation done on the right was through the use of the <a href=\"https:\/\/themify.me\/addons\/progress-bar\">Progress Bar Addon<\/a>. Create your own progress bar now. See our demo page for the Progress Bar addon <a href=\"https:\/\/themify.me\/demo\/themes\/addons\/demo\/progress-bar\/\">here<\/a>.<\/p>    <\/div>\n<\/div>\n<!-- \/module text -->\n\t        <\/div>\n\t    \t<\/div>\n\t\t<div  class=\"module_column tb-column col4-2  last tb_3400_column module_column_1 module_column_3400-5-1 tb_3iig809\">\n\t    \t    \t        <div class=\"tb-column-inner\">\n\t\t    \t        <\/div>\n\t    \t<\/div>\n\t\t    <\/div>\n\t    <!-- \/row_inner -->\n\t<\/div>\n\t<!-- \/module_row -->\n\t<\/div>\n\n\n","protected":false},"excerpt":{"rendered":"<p>BMW i8 Designed for Maximum Performance and Style To the Future Impressive Design without Compromise Efficiency &#038; Dyamics An Athlete in Top Form Aerodynamic Design Aerodynamic Features Intelligent Lightweight Construction Design Time for a new ideal Ambient Light Sustainable Materials Exterior Colours Scissor Doors Safety Innovations that you can trust Charging Assistant BMW TeleServices Mobility [&hellip;]<\/p>\n","protected":false},"author":1,"featured_media":0,"parent":3420,"menu_order":6,"comment_status":"closed","ping_status":"closed","template":"","meta":{"footnotes":""},"class_list":["post-3400","page","type-page","status-publish","hentry","has-post-title","has-post-date","has-post-category","has-post-tag","has-post-comment","has-post-author",""],"yoast_head":"<!-- This site is optimized with the Yoast SEO plugin v24.0 - https:\/\/yoast.com\/wordpress\/plugins\/seo\/ -->\n<title>Min Bar - Cl\u00e1udio Marques - Designer Multim\u00e9dia<\/title>\n<meta name=\"robots\" content=\"index, follow, max-snippet:-1, max-image-preview:large, max-video-preview:-1\" \/>\n<link rel=\"canonical\" href=\"http:\/\/creativebox.pt\/claudiomarques\/theme-appearance\/min-bar\/\" \/>\n<meta property=\"og:locale\" content=\"pt_PT\" \/>\n<meta property=\"og:type\" content=\"article\" \/>\n<meta property=\"og:title\" content=\"Min Bar - Cl\u00e1udio Marques - Designer Multim\u00e9dia\" \/>\n<meta property=\"og:description\" content=\"BMW i8 Designed for Maximum Performance and Style To the Future Impressive Design without Compromise Efficiency &#038; Dyamics An Athlete in Top Form Aerodynamic Design Aerodynamic Features Intelligent Lightweight Construction Design Time for a new ideal Ambient Light Sustainable Materials Exterior Colours Scissor Doors Safety Innovations that you can trust Charging Assistant BMW TeleServices Mobility [&hellip;]\" \/>\n<meta property=\"og:url\" content=\"http:\/\/creativebox.pt\/claudiomarques\/theme-appearance\/min-bar\/\" \/>\n<meta property=\"og:site_name\" content=\"Cl\u00e1udio Marques - Designer Multim\u00e9dia\" \/>\n<meta property=\"article:modified_time\" content=\"2020-11-13T17:00:36+00:00\" \/>\n<meta property=\"og:image\" content=\"https:\/\/themify.me\/demo\/themes\/landing\/files\/2015\/03\/4-wheel-01.jpg\" \/>\n<meta name=\"twitter:card\" content=\"summary_large_image\" \/>\n<script type=\"application\/ld+json\" class=\"yoast-schema-graph\">{\"@context\":\"https:\/\/schema.org\",\"@graph\":[{\"@type\":\"WebPage\",\"@id\":\"http:\/\/creativebox.pt\/claudiomarques\/theme-appearance\/min-bar\/\",\"url\":\"http:\/\/creativebox.pt\/claudiomarques\/theme-appearance\/min-bar\/\",\"name\":\"Min Bar - Cl\u00e1udio Marques - Designer Multim\u00e9dia\",\"isPartOf\":{\"@id\":\"http:\/\/creativebox.pt\/claudiomarques\/#website\"},\"primaryImageOfPage\":{\"@id\":\"http:\/\/creativebox.pt\/claudiomarques\/theme-appearance\/min-bar\/#primaryimage\"},\"image\":{\"@id\":\"http:\/\/creativebox.pt\/claudiomarques\/theme-appearance\/min-bar\/#primaryimage\"},\"thumbnailUrl\":\"https:\/\/themify.me\/demo\/themes\/landing\/files\/2015\/03\/4-wheel-01.jpg\",\"datePublished\":\"2015-04-16T20:38:35+00:00\",\"dateModified\":\"2020-11-13T17:00:36+00:00\",\"breadcrumb\":{\"@id\":\"http:\/\/creativebox.pt\/claudiomarques\/theme-appearance\/min-bar\/#breadcrumb\"},\"inLanguage\":\"pt-PT\",\"potentialAction\":[{\"@type\":\"ReadAction\",\"target\":[\"http:\/\/creativebox.pt\/claudiomarques\/theme-appearance\/min-bar\/\"]}]},{\"@type\":\"ImageObject\",\"inLanguage\":\"pt-PT\",\"@id\":\"http:\/\/creativebox.pt\/claudiomarques\/theme-appearance\/min-bar\/#primaryimage\",\"url\":\"https:\/\/themify.me\/demo\/themes\/landing\/files\/2015\/03\/4-wheel-01.jpg\",\"contentUrl\":\"https:\/\/themify.me\/demo\/themes\/landing\/files\/2015\/03\/4-wheel-01.jpg\"},{\"@type\":\"BreadcrumbList\",\"@id\":\"http:\/\/creativebox.pt\/claudiomarques\/theme-appearance\/min-bar\/#breadcrumb\",\"itemListElement\":[{\"@type\":\"ListItem\",\"position\":1,\"name\":\"In\u00edcio\",\"item\":\"http:\/\/creativebox.pt\/claudiomarques\/\"},{\"@type\":\"ListItem\",\"position\":2,\"name\":\"Appearance\",\"item\":\"http:\/\/creativebox.pt\/claudiomarques\/theme-appearance\/\"},{\"@type\":\"ListItem\",\"position\":3,\"name\":\"Min Bar\"}]},{\"@type\":\"WebSite\",\"@id\":\"http:\/\/creativebox.pt\/claudiomarques\/#website\",\"url\":\"http:\/\/creativebox.pt\/claudiomarques\/\",\"name\":\"Cl\u00e1udio Marques - Designer Multim\u00e9dia\",\"description\":\"Portf\u00f3lio de Cl\u00e1udio Marques\",\"potentialAction\":[{\"@type\":\"SearchAction\",\"target\":{\"@type\":\"EntryPoint\",\"urlTemplate\":\"http:\/\/creativebox.pt\/claudiomarques\/?s={search_term_string}\"},\"query-input\":{\"@type\":\"PropertyValueSpecification\",\"valueRequired\":true,\"valueName\":\"search_term_string\"}}],\"inLanguage\":\"pt-PT\"}]}<\/script>\n<!-- \/ Yoast SEO plugin. -->","yoast_head_json":{"title":"Min Bar - Cl\u00e1udio Marques - Designer Multim\u00e9dia","robots":{"index":"index","follow":"follow","max-snippet":"max-snippet:-1","max-image-preview":"max-image-preview:large","max-video-preview":"max-video-preview:-1"},"canonical":"http:\/\/creativebox.pt\/claudiomarques\/theme-appearance\/min-bar\/","og_locale":"pt_PT","og_type":"article","og_title":"Min Bar - Cl\u00e1udio Marques - Designer Multim\u00e9dia","og_description":"BMW i8 Designed for Maximum Performance and Style To the Future Impressive Design without Compromise Efficiency &#038; Dyamics An Athlete in Top Form Aerodynamic Design Aerodynamic Features Intelligent Lightweight Construction Design Time for a new ideal Ambient Light Sustainable Materials Exterior Colours Scissor Doors Safety Innovations that you can trust Charging Assistant BMW TeleServices Mobility [&hellip;]","og_url":"http:\/\/creativebox.pt\/claudiomarques\/theme-appearance\/min-bar\/","og_site_name":"Cl\u00e1udio Marques - Designer Multim\u00e9dia","article_modified_time":"2020-11-13T17:00:36+00:00","og_image":[{"url":"https:\/\/themify.me\/demo\/themes\/landing\/files\/2015\/03\/4-wheel-01.jpg","type":"","width":"","height":""}],"twitter_card":"summary_large_image","schema":{"@context":"https:\/\/schema.org","@graph":[{"@type":"WebPage","@id":"http:\/\/creativebox.pt\/claudiomarques\/theme-appearance\/min-bar\/","url":"http:\/\/creativebox.pt\/claudiomarques\/theme-appearance\/min-bar\/","name":"Min Bar - Cl\u00e1udio Marques - Designer Multim\u00e9dia","isPartOf":{"@id":"http:\/\/creativebox.pt\/claudiomarques\/#website"},"primaryImageOfPage":{"@id":"http:\/\/creativebox.pt\/claudiomarques\/theme-appearance\/min-bar\/#primaryimage"},"image":{"@id":"http:\/\/creativebox.pt\/claudiomarques\/theme-appearance\/min-bar\/#primaryimage"},"thumbnailUrl":"https:\/\/themify.me\/demo\/themes\/landing\/files\/2015\/03\/4-wheel-01.jpg","datePublished":"2015-04-16T20:38:35+00:00","dateModified":"2020-11-13T17:00:36+00:00","breadcrumb":{"@id":"http:\/\/creativebox.pt\/claudiomarques\/theme-appearance\/min-bar\/#breadcrumb"},"inLanguage":"pt-PT","potentialAction":[{"@type":"ReadAction","target":["http:\/\/creativebox.pt\/claudiomarques\/theme-appearance\/min-bar\/"]}]},{"@type":"ImageObject","inLanguage":"pt-PT","@id":"http:\/\/creativebox.pt\/claudiomarques\/theme-appearance\/min-bar\/#primaryimage","url":"https:\/\/themify.me\/demo\/themes\/landing\/files\/2015\/03\/4-wheel-01.jpg","contentUrl":"https:\/\/themify.me\/demo\/themes\/landing\/files\/2015\/03\/4-wheel-01.jpg"},{"@type":"BreadcrumbList","@id":"http:\/\/creativebox.pt\/claudiomarques\/theme-appearance\/min-bar\/#breadcrumb","itemListElement":[{"@type":"ListItem","position":1,"name":"In\u00edcio","item":"http:\/\/creativebox.pt\/claudiomarques\/"},{"@type":"ListItem","position":2,"name":"Appearance","item":"http:\/\/creativebox.pt\/claudiomarques\/theme-appearance\/"},{"@type":"ListItem","position":3,"name":"Min Bar"}]},{"@type":"WebSite","@id":"http:\/\/creativebox.pt\/claudiomarques\/#website","url":"http:\/\/creativebox.pt\/claudiomarques\/","name":"Cl\u00e1udio Marques - Designer Multim\u00e9dia","description":"Portf\u00f3lio de Cl\u00e1udio Marques","potentialAction":[{"@type":"SearchAction","target":{"@type":"EntryPoint","urlTemplate":"http:\/\/creativebox.pt\/claudiomarques\/?s={search_term_string}"},"query-input":{"@type":"PropertyValueSpecification","valueRequired":true,"valueName":"search_term_string"}}],"inLanguage":"pt-PT"}]}},"builder_content":"<h1 style=\"text-align: right;\">BMW i8<\/h1><h5 style=\"text-align: right;\">Designed for Maximum Performance and Style<\/h5>\n<a href=\"https:\/\/www.youtube.com\/watch?v=XgxsUiY_n0w\" > \n \n <\/a> \n <h4><br \/>To the Future<\/h4>\n<h1 style=\"text-align: center;\">Impressive Design without Compromise<\/h1>\n<ul data-id=\"tb_bmzg007\" data-visible=\"1\" data-mob-visible=\"\" data-scroll=\"1\" data-auto-scroll=\"4\" data-speed=\"1\" data-wrap=\"yes\" data-arrow=\"yes\" data-pagination=\"yes\" data-effect=\"scroll\" data-height=\"variable\" data-pause-on-hover=\"resume\" data-play-controller=\"no\" data-horizontal=\"\" > \n <li> <img decoding=\"async\" src=\"https:\/\/themify.me\/demo\/themes\/landing\/files\/2015\/03\/4-wheel-01.jpg\" width=\"800\" alt=\"Efficiency &amp; Dyamics\" \/> \n <h3> Efficiency & Dyamics <\/h3> <em>An Athlete in Top Form<\/em>\n<ul> <li>Aerodynamic Design<\/li> <li>Aerodynamic Features<\/li> <li>Intelligent Lightweight Construction<\/li> <\/ul> <\/li> <li> <img decoding=\"async\" src=\"https:\/\/themify.me\/demo\/themes\/landing\/files\/2015\/03\/visions-01.jpg\" width=\"800\" alt=\"Design\" \/> \n <h3> Design <\/h3> <em>Time for a new ideal<\/em>\n<ul> <li>Ambient Light<\/li> <li>Sustainable Materials<\/li> <li>Exterior Colours<\/li> <li>Scissor Doors<\/li> <\/ul> <\/li> <li> <img decoding=\"async\" src=\"https:\/\/themify.me\/demo\/themes\/landing\/files\/2015\/03\/service-inclusive.jpg\" width=\"800\" alt=\"Safety\" \/> \n <h3> Safety <\/h3> <em>Innovations that you can trust<\/em>\n<ul> <li>Charging Assistant<\/li> <li>BMW TeleServices<\/li> <li>Mobility Assistance<\/li> <li>Maintenance and Repair Packages<\/li> <\/ul> <\/li> <\/ul>\n<h3>Track Race Test<\/h3><p>The animation done on the right was through the use of the <a href=\"https:\/\/themify.me\/addons\/progress-bar\">Progress Bar Addon<\/a>. Create your own progress bar now. See our demo page for the Progress Bar addon <a href=\"https:\/\/themify.me\/demo\/themes\/addons\/demo\/progress-bar\/\">here<\/a>.<\/p>","_links":{"self":[{"href":"https:\/\/creativebox.pt\/claudiomarques\/wp-json\/wp\/v2\/pages\/3400","targetHints":{"allow":["GET"]}}],"collection":[{"href":"https:\/\/creativebox.pt\/claudiomarques\/wp-json\/wp\/v2\/pages"}],"about":[{"href":"https:\/\/creativebox.pt\/claudiomarques\/wp-json\/wp\/v2\/types\/page"}],"author":[{"embeddable":true,"href":"https:\/\/creativebox.pt\/claudiomarques\/wp-json\/wp\/v2\/users\/1"}],"replies":[{"embeddable":true,"href":"https:\/\/creativebox.pt\/claudiomarques\/wp-json\/wp\/v2\/comments?post=3400"}],"version-history":[{"count":0,"href":"https:\/\/creativebox.pt\/claudiomarques\/wp-json\/wp\/v2\/pages\/3400\/revisions"}],"up":[{"embeddable":true,"href":"https:\/\/creativebox.pt\/claudiomarques\/wp-json\/wp\/v2\/pages\/3420"}],"wp:attachment":[{"href":"https:\/\/creativebox.pt\/claudiomarques\/wp-json\/wp\/v2\/media?parent=3400"}],"curies":[{"name":"wp","href":"https:\/\/api.w.org\/{rel}","templated":true}]}}