{"id":5589,"date":"2017-06-23T21:07:05","date_gmt":"2017-06-23T21:07:05","guid":{"rendered":"http:\/\/creativebox.pt\/claudiomarques\/?page_id=5589"},"modified":"2020-12-08T16:57:50","modified_gmt":"2020-12-08T16:57:50","slug":"contacto","status":"publish","type":"page","link":"http:\/\/creativebox.pt\/claudiomarques\/contacto\/","title":{"rendered":"Contacto"},"content":{"rendered":"\n<!-- Facebook Like Button Vivacity Infotech BEGIN -->\n<div class=\"fb-like\" data-href=\"http:\/\/creativebox.pt\/claudiomarques\/contacto\/\" data-layout=\"standard\" data-action=\"like\" data-show-faces=\"false\" data-size=\"small\" data-width=\"450\" data-share=\"\" ><\/div>\n<!-- Facebook Like Button Vivacity Infotech END -->\n<div id=\"themify_builder_content-5589\" data-postid=\"5589\" class=\"themify_builder_content themify_builder_content-5589 themify_builder\">\n    \t<!-- module_row -->\n\t<div  class=\"themify_builder_row module_row clearfix module_row_0 themify_builder_5589_row module_row_5589-0 tb_ifka014\">\n\t    \t    <div class=\"row_inner col_align_top\" >\n\t\t\t<div  class=\"module_column tb-column col4-2 first tb_5589_column module_column_0 module_column_5589-0-0 tb_rgq7220\">\n\t    \t    \t        <div class=\"tb-column-inner\">\n\t\t    <!-- module text -->\n<div  class=\"module module-text tb_hxsu020    \">\n            <div  class=\"tb_text_wrap\">\n    <h3>Entre em contacto:<\/h3>    <\/div>\n<\/div>\n<!-- \/module text -->\n    <!-- module icon -->\n    <div  class=\"module module-icon tb_ragc286  normal none icon_vertical  \">\n\t        \t<div class=\"module-icon\">\n                            <div class=\"module-icon-item\">\n                                            <a href=\"mailto:claudio@creativebox.pt\">\n                                                                            <i class=\"fa fa-envelope-o ui gray\"><\/i>\n                                                                            <span>m.claudiomarques@gmail.com<\/span>\n                                                                        <\/a>\n                                    <\/div>\n                            <div class=\"module-icon-item\">\n                                                                        <i class=\"fa fa-mobile-phone ui tb_default_color\"><\/i>\n                                                                            <span>+351 912 365 057<\/span>\n                                                                <\/div>\n                    <\/div>\n    <\/div>\n    <!-- \/module icon -->\n\t        <\/div>\n\t    \t<\/div>\n\t\t<div  class=\"module_column tb-column col4-2 last tb_5589_column module_column_1 module_column_5589-0-1 tb_4h7a000\">\n\t    \t    \t        <div class=\"tb-column-inner\">\n\t\t    <!-- module text -->\n<div  class=\"module module-text tb_sgfe301    \">\n            <div  class=\"tb_text_wrap\">\n    \n<div class=\"wpcf7 no-js\" id=\"wpcf7-f4549-o1\" lang=\"en-US\" dir=\"ltr\" data-wpcf7-id=\"4549\">\n<div class=\"screen-reader-response\"><p role=\"status\" aria-live=\"polite\" aria-atomic=\"true\"> <ul><\/ul><\/div>\n<form action=\"\/claudiomarques\/wp-json\/wp\/v2\/pages\/5589#wpcf7-f4549-o1\" method=\"post\" class=\"wpcf7-form init\" aria-label=\"Contact form\" novalidate=\"novalidate\" data-status=\"init\">\n<div style=\"display: none;\">\n<input type=\"hidden\" name=\"_wpcf7\" value=\"4549\" \/>\n<input type=\"hidden\" name=\"_wpcf7_version\" value=\"6.0.1\" \/>\n<input type=\"hidden\" name=\"_wpcf7_locale\" value=\"en_US\" \/>\n<input type=\"hidden\" name=\"_wpcf7_unit_tag\" value=\"wpcf7-f4549-o1\" \/>\n<input type=\"hidden\" name=\"_wpcf7_container_post\" value=\"0\" \/>\n<input type=\"hidden\" name=\"_wpcf7_posted_data_hash\" value=\"\" \/>\n<\/div>\n<p><label> <strong> Nome <\/strong> (obrigat\u00f3rio)<br \/>\n<span class=\"wpcf7-form-control-wrap\" data-name=\"your-name\"><input size=\"40\" maxlength=\"400\" class=\"wpcf7-form-control wpcf7-text wpcf7-validates-as-required\" aria-required=\"true\" aria-invalid=\"false\" value=\"\" type=\"text\" name=\"your-name\" \/><\/span> <\/label>\n<\/p>\n<p><label> <strong> Email <\/strong> (obrigat\u00f3rio)<br \/>\n<span class=\"wpcf7-form-control-wrap\" data-name=\"your-email\"><input size=\"40\" maxlength=\"400\" class=\"wpcf7-form-control wpcf7-email wpcf7-validates-as-required wpcf7-text wpcf7-validates-as-email\" aria-required=\"true\" aria-invalid=\"false\" value=\"\" type=\"email\" name=\"your-email\" \/><\/span> <\/label>\n<\/p>\n<p><label> <strong> Assunto <\/strong><br \/>\n<span class=\"wpcf7-form-control-wrap\" data-name=\"your-subject\"><input size=\"40\" maxlength=\"400\" class=\"wpcf7-form-control wpcf7-text\" aria-invalid=\"false\" value=\"\" type=\"text\" name=\"your-subject\" \/><\/span> <\/label>\n<\/p>\n<p><label> <strong> Mensagem <\/strong><br \/>\n<span class=\"wpcf7-form-control-wrap\" data-name=\"your-message\"><textarea cols=\"40\" rows=\"10\" maxlength=\"2000\" class=\"wpcf7-form-control wpcf7-textarea\" aria-invalid=\"false\" name=\"your-message\"><\/textarea><\/span> <\/label>\n<\/p>\n<p><input class=\"wpcf7-form-control wpcf7-submit has-spinner\" type=\"submit\" value=\"Enviar\" \/>\n<\/p><p style=\"display: none !important;\" class=\"akismet-fields-container\" data-prefix=\"_wpcf7_ak_\"><label>&#916;<textarea name=\"_wpcf7_ak_hp_textarea\" cols=\"45\" rows=\"8\" maxlength=\"100\"><\/textarea><\/label><input type=\"hidden\" id=\"ak_js_1\" name=\"_wpcf7_ak_js\" value=\"105\"\/><script>document.getElementById( \"ak_js_1\" ).setAttribute( \"value\", ( new Date() ).getTime() );<\/script><\/p><div class=\"wpcf7-response-output\" aria-hidden=\"true\"><\/div>\n<\/form>\n<\/div>\n    <\/div>\n<\/div>\n<!-- \/module text -->\n\t        <\/div>\n\t    \t<\/div>\n\t\t    <\/div>\n\t    <!-- \/row_inner -->\n\t<\/div>\n\t<!-- \/module_row -->\n\t<\/div>\n\n\n","protected":false},"excerpt":{"rendered":"<p>Entre em contacto: m.claudiomarques@gmail.com +351 912 365 057<\/p>\n","protected":false},"author":1,"featured_media":0,"parent":0,"menu_order":0,"comment_status":"closed","ping_status":"closed","template":"","meta":{"footnotes":""},"class_list":["post-5589","page","type-page","status-publish","hentry","has-post-title","has-post-date","has-post-category","has-post-tag","has-post-comment","has-post-author",""],"yoast_head":"<!-- This site is optimized with the Yoast SEO plugin v24.0 - https:\/\/yoast.com\/wordpress\/plugins\/seo\/ -->\n<title>Contacto - Cl\u00e1udio Marques - Designer Multim\u00e9dia<\/title>\n<meta name=\"robots\" content=\"index, follow, max-snippet:-1, max-image-preview:large, max-video-preview:-1\" \/>\n<link rel=\"canonical\" href=\"http:\/\/creativebox.pt\/claudiomarques\/contacto\/\" \/>\n<meta property=\"og:locale\" content=\"pt_PT\" \/>\n<meta property=\"og:type\" content=\"article\" \/>\n<meta property=\"og:title\" content=\"Contacto - Cl\u00e1udio Marques - Designer Multim\u00e9dia\" \/>\n<meta property=\"og:description\" content=\"Entre em contacto: m.claudiomarques@gmail.com +351 912 365 057\" \/>\n<meta property=\"og:url\" content=\"http:\/\/creativebox.pt\/claudiomarques\/contacto\/\" \/>\n<meta property=\"og:site_name\" content=\"Cl\u00e1udio Marques - Designer Multim\u00e9dia\" \/>\n<meta property=\"article:modified_time\" content=\"2020-12-08T16:57:50+00:00\" \/>\n<meta name=\"twitter:card\" content=\"summary_large_image\" \/>\n<script type=\"application\/ld+json\" class=\"yoast-schema-graph\">{\"@context\":\"https:\/\/schema.org\",\"@graph\":[{\"@type\":\"WebPage\",\"@id\":\"http:\/\/creativebox.pt\/claudiomarques\/contacto\/\",\"url\":\"http:\/\/creativebox.pt\/claudiomarques\/contacto\/\",\"name\":\"Contacto - Cl\u00e1udio Marques - Designer Multim\u00e9dia\",\"isPartOf\":{\"@id\":\"https:\/\/creativebox.pt\/claudiomarques\/#website\"},\"datePublished\":\"2017-06-23T21:07:05+00:00\",\"dateModified\":\"2020-12-08T16:57:50+00:00\",\"breadcrumb\":{\"@id\":\"http:\/\/creativebox.pt\/claudiomarques\/contacto\/#breadcrumb\"},\"inLanguage\":\"pt-PT\",\"potentialAction\":[{\"@type\":\"ReadAction\",\"target\":[\"http:\/\/creativebox.pt\/claudiomarques\/contacto\/\"]}]},{\"@type\":\"BreadcrumbList\",\"@id\":\"http:\/\/creativebox.pt\/claudiomarques\/contacto\/#breadcrumb\",\"itemListElement\":[{\"@type\":\"ListItem\",\"position\":1,\"name\":\"In\u00edcio\",\"item\":\"https:\/\/creativebox.pt\/claudiomarques\/\"},{\"@type\":\"ListItem\",\"position\":2,\"name\":\"Contacto\"}]},{\"@type\":\"WebSite\",\"@id\":\"https:\/\/creativebox.pt\/claudiomarques\/#website\",\"url\":\"https:\/\/creativebox.pt\/claudiomarques\/\",\"name\":\"Cl\u00e1udio Marques - Designer Multim\u00e9dia\",\"description\":\"Portf\u00f3lio de Cl\u00e1udio Marques\",\"potentialAction\":[{\"@type\":\"SearchAction\",\"target\":{\"@type\":\"EntryPoint\",\"urlTemplate\":\"https:\/\/creativebox.pt\/claudiomarques\/?s={search_term_string}\"},\"query-input\":{\"@type\":\"PropertyValueSpecification\",\"valueRequired\":true,\"valueName\":\"search_term_string\"}}],\"inLanguage\":\"pt-PT\"}]}<\/script>\n<!-- \/ Yoast SEO plugin. -->","yoast_head_json":{"title":"Contacto - Cl\u00e1udio Marques - Designer Multim\u00e9dia","robots":{"index":"index","follow":"follow","max-snippet":"max-snippet:-1","max-image-preview":"max-image-preview:large","max-video-preview":"max-video-preview:-1"},"canonical":"http:\/\/creativebox.pt\/claudiomarques\/contacto\/","og_locale":"pt_PT","og_type":"article","og_title":"Contacto - Cl\u00e1udio Marques - Designer Multim\u00e9dia","og_description":"Entre em contacto: m.claudiomarques@gmail.com +351 912 365 057","og_url":"http:\/\/creativebox.pt\/claudiomarques\/contacto\/","og_site_name":"Cl\u00e1udio Marques - Designer Multim\u00e9dia","article_modified_time":"2020-12-08T16:57:50+00:00","twitter_card":"summary_large_image","schema":{"@context":"https:\/\/schema.org","@graph":[{"@type":"WebPage","@id":"http:\/\/creativebox.pt\/claudiomarques\/contacto\/","url":"http:\/\/creativebox.pt\/claudiomarques\/contacto\/","name":"Contacto - Cl\u00e1udio Marques - Designer Multim\u00e9dia","isPartOf":{"@id":"https:\/\/creativebox.pt\/claudiomarques\/#website"},"datePublished":"2017-06-23T21:07:05+00:00","dateModified":"2020-12-08T16:57:50+00:00","breadcrumb":{"@id":"http:\/\/creativebox.pt\/claudiomarques\/contacto\/#breadcrumb"},"inLanguage":"pt-PT","potentialAction":[{"@type":"ReadAction","target":["http:\/\/creativebox.pt\/claudiomarques\/contacto\/"]}]},{"@type":"BreadcrumbList","@id":"http:\/\/creativebox.pt\/claudiomarques\/contacto\/#breadcrumb","itemListElement":[{"@type":"ListItem","position":1,"name":"In\u00edcio","item":"https:\/\/creativebox.pt\/claudiomarques\/"},{"@type":"ListItem","position":2,"name":"Contacto"}]},{"@type":"WebSite","@id":"https:\/\/creativebox.pt\/claudiomarques\/#website","url":"https:\/\/creativebox.pt\/claudiomarques\/","name":"Cl\u00e1udio Marques - Designer Multim\u00e9dia","description":"Portf\u00f3lio de Cl\u00e1udio Marques","potentialAction":[{"@type":"SearchAction","target":{"@type":"EntryPoint","urlTemplate":"https:\/\/creativebox.pt\/claudiomarques\/?s={search_term_string}"},"query-input":{"@type":"PropertyValueSpecification","valueRequired":true,"valueName":"search_term_string"}}],"inLanguage":"pt-PT"}]}},"builder_content":"<h3>Entre em contacto:<\/h3>\n<a href=\"mailto:claudio@creativebox.pt\"> m.claudiomarques@gmail.com <\/a> +351 912 365 057\n<p>[contact-form-7 id=\"4549\" title=\"Contact Form\"]<\/p>","_links":{"self":[{"href":"http:\/\/creativebox.pt\/claudiomarques\/wp-json\/wp\/v2\/pages\/5589","targetHints":{"allow":["GET"]}}],"collection":[{"href":"http:\/\/creativebox.pt\/claudiomarques\/wp-json\/wp\/v2\/pages"}],"about":[{"href":"http:\/\/creativebox.pt\/claudiomarques\/wp-json\/wp\/v2\/types\/page"}],"author":[{"embeddable":true,"href":"http:\/\/creativebox.pt\/claudiomarques\/wp-json\/wp\/v2\/users\/1"}],"replies":[{"embeddable":true,"href":"http:\/\/creativebox.pt\/claudiomarques\/wp-json\/wp\/v2\/comments?post=5589"}],"version-history":[{"count":14,"href":"http:\/\/creativebox.pt\/claudiomarques\/wp-json\/wp\/v2\/pages\/5589\/revisions"}],"predecessor-version":[{"id":5959,"href":"http:\/\/creativebox.pt\/claudiomarques\/wp-json\/wp\/v2\/pages\/5589\/revisions\/5959"}],"wp:attachment":[{"href":"http:\/\/creativebox.pt\/claudiomarques\/wp-json\/wp\/v2\/media?parent=5589"}],"curies":[{"name":"wp","href":"https:\/\/api.w.org\/{rel}","templated":true}]}}