{"id":5156,"date":"2016-06-08T21:21:38","date_gmt":"2016-06-08T21:21:38","guid":{"rendered":"https:\/\/themify.me\/demo\/themes\/ultra\/?page_id=5156"},"modified":"2020-11-15T23:07:34","modified_gmt":"2020-11-15T23:07:34","slug":"boxed-compact-header","status":"publish","type":"page","link":"http:\/\/creativebox.pt\/claudiomarques\/theme-appearance\/boxed-compact-header\/","title":{"rendered":"Boxed Compact Header"},"content":{"rendered":"\n<!-- Facebook Like Button Vivacity Infotech BEGIN -->\n<div class=\"fb-like\" data-href=\"http:\/\/creativebox.pt\/claudiomarques\/theme-appearance\/boxed-compact-header\/\" data-layout=\"standard\" data-action=\"like\" data-show-faces=\"false\" data-size=\"small\" data-width=\"450\" data-share=\"\" ><\/div>\n<!-- Facebook Like Button Vivacity Infotech END -->\n<div id=\"themify_builder_content-5156\" data-postid=\"5156\" class=\"themify_builder_content themify_builder_content-5156 themify_builder\">\n    \t<!-- module_row -->\n\t<div   class=\"themify_builder_row module_row clearfix fullwidth_row_container module_row_0 themify_builder_5156_row module_row_5156-0 tb_xhqd525 module_row_section\">\n\t    \t    <div class=\"row_inner col_align_middle gutter-none\" >\n\t\t\t<div  class=\"module_column tb-column col4-2  first tb_5156_column module_column_0 module_column_5156-0-0 tb_81hn220\">\n\t    \t    \t        <div class=\"tb-column-inner\">\n\t\t        <!-- module image -->\n    <div  class=\"module module-image tb_d5v0565   image-center    auto_fullwidth\">\n\t                <div class=\"image-wrap\">\n                            <img decoding=\"async\" src=\"https:\/\/themify.me\/demo\/themes\/builder-layouts\/files\/2016\/01\/Apple-Watch_MockUp_typeA-1-650x662.png\" width=\"650\" alt=\"Boxed Compact Header\" \/>            \n                        <\/div>\n            <!-- \/image-wrap -->\n        \n        \n        <\/div>\n    <!-- \/module image -->\n\t        <\/div>\n\t    \t<\/div>\n\t\t<div  class=\"module_column tb-column col4-2  last tb_5156_column module_column_1 module_column_5156-0-1 tb_6i66008 fullcover\" >\n\t    \t    \t        <div class=\"tb-column-inner\">\n\t\t    <!-- module text -->\n<div  class=\"module module-text tb_05mb386    \">\n            <div  class=\"tb_text_wrap\">\n    <h1>Smart\u00a0Watch<\/h1><h3>Change the way you see time<\/h3>    <\/div>\n<\/div>\n<!-- \/module text -->\n\t        <\/div>\n\t    \t<\/div>\n\t\t    <\/div>\n\t    <!-- \/row_inner -->\n\t<\/div>\n\t<!-- \/module_row -->\n\t\t<!-- module_row -->\n\t<div   data-desktop-padding=\"6%,6%\" class=\"themify_builder_row module_row clearfix repeat-none fullwidth_row_container module_row_1 themify_builder_5156_row module_row_5156-1 tb_jwwn602 module_row_section\">\n\t    \t    <div class=\"row_inner col_align_middle gutter-none\" >\n\t\t\t<div  class=\"module_column tb-column col3-2  first tb_5156_column module_column_0 module_column_5156-1-0 tb_hapl660\">\n\t    \t    \t        <div class=\"tb-column-inner\">\n\t\t    <!-- module text -->\n<div  class=\"module module-text tb_1e9s256    \">\n            <div  class=\"tb_text_wrap\">\n    <h1>Why Smart\u00a0Watch?<\/h1><h3>Sed sagittis, elit egestas rutrum vehicula, neque dolor fringilla lacus, ut rhoncus turpis augue vitae libero. Nam risus velit, rhoncus eget consectetur id, posuere eget diam pretium cursus at ligula.<\/h3>    <\/div>\n<\/div>\n<!-- \/module text -->\n\t        <\/div>\n\t    \t<\/div>\n\t\t<div  class=\"module_column tb-column col3-1  last tb_5156_column module_column_1 module_column_5156-1-1 tb_ntsz002\">\n\t    \t    \t        <div class=\"tb-column-inner\">\n\t\t        <!-- module image -->\n    <div  class=\"module module-image tb_rvn1909   image-right  \">\n\t                <div class=\"image-wrap\">\n                            <img decoding=\"async\" src=\"https:\/\/themify.me\/demo\/themes\/builder-layouts\/files\/2016\/01\/Apple_Watch_Mockup_juank85-3-550x536.png\" width=\"550\" alt=\"Boxed Compact Header\" \/>            \n                        <\/div>\n            <!-- \/image-wrap -->\n        \n        \n        <\/div>\n    <!-- \/module image -->\n\t        <\/div>\n\t    \t<\/div>\n\t\t    <\/div>\n\t    <!-- \/row_inner -->\n\t<\/div>\n\t<!-- \/module_row -->\n\t\t<!-- module_row -->\n\t<div   class=\"themify_builder_row module_row clearfix fullwidth_row_container module_row_2 themify_builder_5156_row module_row_5156-2 tb_9030970 module_row_section\">\n\t    \t    <div class=\"row_inner col_align_middle gutter-none\" >\n\t\t\t<div  class=\"module_column tb-column col4-2  first tb_5156_column module_column_0 module_column_5156-2-0 tb_u0ln235 fullcover\" >\n\t    <div class=\"builder_row_cover\"><\/div>\t    \t        <div class=\"tb-column-inner\">\n\t\t    <!-- module text -->\n<div  class=\"module module-text tb_ysty707    \">\n            <div  class=\"tb_text_wrap\">\n    <h3>Phone Connect<\/h3>    <\/div>\n<\/div>\n<!-- \/module text -->\n    <!-- module buttons -->\n    <div  class=\"module module-buttons tb_rgxk230 normal outline circle  \">\n\t        \t<div class=\"module-buttons\">\n                            <div class=\"module-buttons-item  buttons-horizontal\">\n\t\t    \t\t\t<a href=\"https:\/\/themify.me\/\" class=\"ui builder_button default\" >\n\t\t    \t\t    \t\t\t<span>LEARN MORE<\/span>\n\t\t    \t\t    \t\t\t<\/a>\n\t\t                    <\/div>\n                    <\/div>\n    <\/div>\n    <!-- \/module buttons -->\n\t        <\/div>\n\t    \t<\/div>\n\t\t<div  class=\"module_column tb-column col4-2  last tb_5156_column module_column_1 module_column_5156-2-1 tb_8260020 fullcover\" >\n\t    <div class=\"builder_row_cover\"><\/div>\t    \t        <div class=\"tb-column-inner\">\n\t\t    <!-- module text -->\n<div  class=\"module module-text tb_rz11705    \">\n            <div  class=\"tb_text_wrap\">\n    <h3>Fitness Tracker<\/h3>    <\/div>\n<\/div>\n<!-- \/module text -->\n    <!-- module buttons -->\n    <div  class=\"module module-buttons tb_dd7z310 normal outline circle  \">\n\t        \t<div class=\"module-buttons\">\n                            <div class=\"module-buttons-item  buttons-horizontal\">\n\t\t    \t\t\t<a href=\"https:\/\/themify.me\/\" class=\"ui builder_button default\" >\n\t\t    \t\t    \t\t\t<span>LEARN MORE<\/span>\n\t\t    \t\t    \t\t\t<\/a>\n\t\t                    <\/div>\n                    <\/div>\n    <\/div>\n    <!-- \/module buttons -->\n\t        <\/div>\n\t    \t<\/div>\n\t\t    <\/div>\n\t    <!-- \/row_inner -->\n\t<\/div>\n\t<!-- \/module_row -->\n\t\t<!-- module_row -->\n\t<div   data-desktop-padding=\"6%,6%\" class=\"themify_builder_row module_row clearfix repeat-none fullwidth_row_container module_row_3 themify_builder_5156_row module_row_5156-3 tb_u6la371 module_row_section\">\n\t    \t    <div class=\"row_inner col_align_middle\" >\n\t\t\t<div  class=\"module_column tb-column col3-1  first tb_5156_column module_column_0 module_column_5156-3-0 tb_3clk707\">\n\t    \t    \t        <div class=\"tb-column-inner\">\n\t\t        <!-- module image -->\n    <div  class=\"module module-image tb_2myx030   image-top  \">\n\t                <div class=\"image-wrap\">\n                            <img decoding=\"async\" src=\"https:\/\/themify.me\/demo\/themes\/builder-layouts\/files\/2016\/01\/apple-watch-moxtra-app-1024x537-550x288.png\" width=\"550\" alt=\"Boxed Compact Header\" \/>            \n                        <\/div>\n            <!-- \/image-wrap -->\n        \n        \n        <\/div>\n    <!-- \/module image -->\n\t        <\/div>\n\t    \t<\/div>\n\t\t<div  class=\"module_column tb-column col3-2  last tb_5156_column module_column_1 module_column_5156-3-1 tb_8p9v320\">\n\t    \t    \t        <div class=\"tb-column-inner\">\n\t\t    <!-- module text -->\n<div  class=\"module module-text tb_pp91202    \">\n            <div  class=\"tb_text_wrap\">\n    <h1>Colors<\/h1><h3>Sed sagittis, elit egestas rutrum vehicula, neque dolor fringilla lacus, ut rhoncus turpis augue vitae libero. Nam risus velit, rhoncus eget consectetur id, posuere at ligula.<\/h3>    <\/div>\n<\/div>\n<!-- \/module text -->\n\t        <\/div>\n\t    \t<\/div>\n\t\t    <\/div>\n\t    <!-- \/row_inner -->\n\t<\/div>\n\t<!-- \/module_row -->\n\t\t<!-- module_row -->\n\t<div   class=\"themify_builder_row module_row clearfix module_row_4 themify_builder_5156_row module_row_5156-4 tb_gumi320 module_row_section\">\n\t    \t    <div class=\"row_inner col_align_middle\" >\n\t\t\t<div  class=\"module_column tb-column col-full  first tb_5156_column module_column_0 module_column_5156-4-0 tb_03mq370\">\n\t    \t    \t        <div class=\"tb-column-inner\">\n\t\t    <!-- module text -->\n<div  class=\"module module-text tb_k2th303    \">\n            <div  class=\"tb_text_wrap\">\n    <h1>Get Smart\u00a0Watch<\/h1><h3>Buy from our store and get 30% off<\/h3>    <\/div>\n<\/div>\n<!-- \/module text -->\n    <!-- module buttons -->\n    <div  class=\"module module-buttons tb_gghx555 normal solid circle  \">\n\t        \t<div class=\"module-buttons\">\n                            <div class=\"module-buttons-item  buttons-horizontal\">\n\t\t    \t\t\t<a href=\"http:\/\/themify.me\/\" class=\"ui builder_button blue\" >\n\t\t    \t\t    \t\t\t<span>BUY NOW<\/span>\n\t\t    \t\t    \t\t\t<\/a>\n\t\t                    <\/div>\n                    <\/div>\n    <\/div>\n    <!-- \/module buttons -->\n\t        <\/div>\n\t    \t<\/div>\n\t\t    <\/div>\n\t    <!-- \/row_inner -->\n\t<\/div>\n\t<!-- \/module_row -->\n\t<\/div>\n\n\n","protected":false},"excerpt":{"rendered":"<p>Smart\u00a0Watch Change the way you see time Why Smart\u00a0Watch? Sed sagittis, elit egestas rutrum vehicula, neque dolor fringilla lacus, ut rhoncus turpis augue vitae libero. Nam risus velit, rhoncus eget consectetur id, posuere eget diam pretium cursus at ligula. Phone Connect LEARN MORE Fitness Tracker LEARN MORE Colors Sed sagittis, elit egestas rutrum vehicula, neque [&hellip;]<\/p>\n","protected":false},"author":1,"featured_media":0,"parent":3420,"menu_order":0,"comment_status":"closed","ping_status":"closed","template":"","meta":{"footnotes":""},"class_list":["post-5156","page","type-page","status-publish","hentry","has-post-title","has-post-date","has-post-category","has-post-tag","has-post-comment","has-post-author",""],"yoast_head":"<!-- This site is optimized with the Yoast SEO plugin v24.0 - https:\/\/yoast.com\/wordpress\/plugins\/seo\/ -->\n<title>Boxed Compact Header - Cl\u00e1udio Marques - Designer Multim\u00e9dia<\/title>\n<meta name=\"robots\" content=\"index, follow, max-snippet:-1, max-image-preview:large, max-video-preview:-1\" \/>\n<link rel=\"canonical\" href=\"http:\/\/creativebox.pt\/claudiomarques\/theme-appearance\/boxed-compact-header\/\" \/>\n<meta property=\"og:locale\" content=\"pt_PT\" \/>\n<meta property=\"og:type\" content=\"article\" \/>\n<meta property=\"og:title\" content=\"Boxed Compact Header - Cl\u00e1udio Marques - Designer Multim\u00e9dia\" \/>\n<meta property=\"og:description\" content=\"Smart\u00a0Watch Change the way you see time Why Smart\u00a0Watch? Sed sagittis, elit egestas rutrum vehicula, neque dolor fringilla lacus, ut rhoncus turpis augue vitae libero. Nam risus velit, rhoncus eget consectetur id, posuere eget diam pretium cursus at ligula. Phone Connect LEARN MORE Fitness Tracker LEARN MORE Colors Sed sagittis, elit egestas rutrum vehicula, neque [&hellip;]\" \/>\n<meta property=\"og:url\" content=\"http:\/\/creativebox.pt\/claudiomarques\/theme-appearance\/boxed-compact-header\/\" \/>\n<meta property=\"og:site_name\" content=\"Cl\u00e1udio Marques - Designer Multim\u00e9dia\" \/>\n<meta property=\"article:modified_time\" content=\"2020-11-15T23:07:34+00:00\" \/>\n<meta property=\"og:image\" content=\"https:\/\/themify.me\/demo\/themes\/builder-layouts\/files\/2016\/01\/Apple-Watch_MockUp_typeA-1-650x662.png\" \/>\n<meta name=\"twitter:card\" content=\"summary_large_image\" \/>\n<script type=\"application\/ld+json\" class=\"yoast-schema-graph\">{\"@context\":\"https:\/\/schema.org\",\"@graph\":[{\"@type\":\"WebPage\",\"@id\":\"http:\/\/creativebox.pt\/claudiomarques\/theme-appearance\/boxed-compact-header\/\",\"url\":\"http:\/\/creativebox.pt\/claudiomarques\/theme-appearance\/boxed-compact-header\/\",\"name\":\"Boxed Compact Header - Cl\u00e1udio Marques - Designer Multim\u00e9dia\",\"isPartOf\":{\"@id\":\"http:\/\/creativebox.pt\/claudiomarques\/#website\"},\"primaryImageOfPage\":{\"@id\":\"http:\/\/creativebox.pt\/claudiomarques\/theme-appearance\/boxed-compact-header\/#primaryimage\"},\"image\":{\"@id\":\"http:\/\/creativebox.pt\/claudiomarques\/theme-appearance\/boxed-compact-header\/#primaryimage\"},\"thumbnailUrl\":\"https:\/\/themify.me\/demo\/themes\/builder-layouts\/files\/2016\/01\/Apple-Watch_MockUp_typeA-1-650x662.png\",\"datePublished\":\"2016-06-08T21:21:38+00:00\",\"dateModified\":\"2020-11-15T23:07:34+00:00\",\"breadcrumb\":{\"@id\":\"http:\/\/creativebox.pt\/claudiomarques\/theme-appearance\/boxed-compact-header\/#breadcrumb\"},\"inLanguage\":\"pt-PT\",\"potentialAction\":[{\"@type\":\"ReadAction\",\"target\":[\"http:\/\/creativebox.pt\/claudiomarques\/theme-appearance\/boxed-compact-header\/\"]}]},{\"@type\":\"ImageObject\",\"inLanguage\":\"pt-PT\",\"@id\":\"http:\/\/creativebox.pt\/claudiomarques\/theme-appearance\/boxed-compact-header\/#primaryimage\",\"url\":\"https:\/\/themify.me\/demo\/themes\/builder-layouts\/files\/2016\/01\/Apple-Watch_MockUp_typeA-1-650x662.png\",\"contentUrl\":\"https:\/\/themify.me\/demo\/themes\/builder-layouts\/files\/2016\/01\/Apple-Watch_MockUp_typeA-1-650x662.png\"},{\"@type\":\"BreadcrumbList\",\"@id\":\"http:\/\/creativebox.pt\/claudiomarques\/theme-appearance\/boxed-compact-header\/#breadcrumb\",\"itemListElement\":[{\"@type\":\"ListItem\",\"position\":1,\"name\":\"In\u00edcio\",\"item\":\"http:\/\/creativebox.pt\/claudiomarques\/\"},{\"@type\":\"ListItem\",\"position\":2,\"name\":\"Appearance\",\"item\":\"http:\/\/creativebox.pt\/claudiomarques\/theme-appearance\/\"},{\"@type\":\"ListItem\",\"position\":3,\"name\":\"Boxed Compact Header\"}]},{\"@type\":\"WebSite\",\"@id\":\"http:\/\/creativebox.pt\/claudiomarques\/#website\",\"url\":\"http:\/\/creativebox.pt\/claudiomarques\/\",\"name\":\"Cl\u00e1udio Marques - Designer Multim\u00e9dia\",\"description\":\"Portf\u00f3lio de Cl\u00e1udio Marques\",\"potentialAction\":[{\"@type\":\"SearchAction\",\"target\":{\"@type\":\"EntryPoint\",\"urlTemplate\":\"http:\/\/creativebox.pt\/claudiomarques\/?s={search_term_string}\"},\"query-input\":{\"@type\":\"PropertyValueSpecification\",\"valueRequired\":true,\"valueName\":\"search_term_string\"}}],\"inLanguage\":\"pt-PT\"}]}<\/script>\n<!-- \/ Yoast SEO plugin. -->","yoast_head_json":{"title":"Boxed Compact Header - Cl\u00e1udio Marques - Designer Multim\u00e9dia","robots":{"index":"index","follow":"follow","max-snippet":"max-snippet:-1","max-image-preview":"max-image-preview:large","max-video-preview":"max-video-preview:-1"},"canonical":"http:\/\/creativebox.pt\/claudiomarques\/theme-appearance\/boxed-compact-header\/","og_locale":"pt_PT","og_type":"article","og_title":"Boxed Compact Header - Cl\u00e1udio Marques - Designer Multim\u00e9dia","og_description":"Smart\u00a0Watch Change the way you see time Why Smart\u00a0Watch? Sed sagittis, elit egestas rutrum vehicula, neque dolor fringilla lacus, ut rhoncus turpis augue vitae libero. Nam risus velit, rhoncus eget consectetur id, posuere eget diam pretium cursus at ligula. Phone Connect LEARN MORE Fitness Tracker LEARN MORE Colors Sed sagittis, elit egestas rutrum vehicula, neque [&hellip;]","og_url":"http:\/\/creativebox.pt\/claudiomarques\/theme-appearance\/boxed-compact-header\/","og_site_name":"Cl\u00e1udio Marques - Designer Multim\u00e9dia","article_modified_time":"2020-11-15T23:07:34+00:00","og_image":[{"url":"https:\/\/themify.me\/demo\/themes\/builder-layouts\/files\/2016\/01\/Apple-Watch_MockUp_typeA-1-650x662.png","type":"","width":"","height":""}],"twitter_card":"summary_large_image","schema":{"@context":"https:\/\/schema.org","@graph":[{"@type":"WebPage","@id":"http:\/\/creativebox.pt\/claudiomarques\/theme-appearance\/boxed-compact-header\/","url":"http:\/\/creativebox.pt\/claudiomarques\/theme-appearance\/boxed-compact-header\/","name":"Boxed Compact Header - Cl\u00e1udio Marques - Designer Multim\u00e9dia","isPartOf":{"@id":"http:\/\/creativebox.pt\/claudiomarques\/#website"},"primaryImageOfPage":{"@id":"http:\/\/creativebox.pt\/claudiomarques\/theme-appearance\/boxed-compact-header\/#primaryimage"},"image":{"@id":"http:\/\/creativebox.pt\/claudiomarques\/theme-appearance\/boxed-compact-header\/#primaryimage"},"thumbnailUrl":"https:\/\/themify.me\/demo\/themes\/builder-layouts\/files\/2016\/01\/Apple-Watch_MockUp_typeA-1-650x662.png","datePublished":"2016-06-08T21:21:38+00:00","dateModified":"2020-11-15T23:07:34+00:00","breadcrumb":{"@id":"http:\/\/creativebox.pt\/claudiomarques\/theme-appearance\/boxed-compact-header\/#breadcrumb"},"inLanguage":"pt-PT","potentialAction":[{"@type":"ReadAction","target":["http:\/\/creativebox.pt\/claudiomarques\/theme-appearance\/boxed-compact-header\/"]}]},{"@type":"ImageObject","inLanguage":"pt-PT","@id":"http:\/\/creativebox.pt\/claudiomarques\/theme-appearance\/boxed-compact-header\/#primaryimage","url":"https:\/\/themify.me\/demo\/themes\/builder-layouts\/files\/2016\/01\/Apple-Watch_MockUp_typeA-1-650x662.png","contentUrl":"https:\/\/themify.me\/demo\/themes\/builder-layouts\/files\/2016\/01\/Apple-Watch_MockUp_typeA-1-650x662.png"},{"@type":"BreadcrumbList","@id":"http:\/\/creativebox.pt\/claudiomarques\/theme-appearance\/boxed-compact-header\/#breadcrumb","itemListElement":[{"@type":"ListItem","position":1,"name":"In\u00edcio","item":"http:\/\/creativebox.pt\/claudiomarques\/"},{"@type":"ListItem","position":2,"name":"Appearance","item":"http:\/\/creativebox.pt\/claudiomarques\/theme-appearance\/"},{"@type":"ListItem","position":3,"name":"Boxed Compact Header"}]},{"@type":"WebSite","@id":"http:\/\/creativebox.pt\/claudiomarques\/#website","url":"http:\/\/creativebox.pt\/claudiomarques\/","name":"Cl\u00e1udio Marques - Designer Multim\u00e9dia","description":"Portf\u00f3lio de Cl\u00e1udio Marques","potentialAction":[{"@type":"SearchAction","target":{"@type":"EntryPoint","urlTemplate":"http:\/\/creativebox.pt\/claudiomarques\/?s={search_term_string}"},"query-input":{"@type":"PropertyValueSpecification","valueRequired":true,"valueName":"search_term_string"}}],"inLanguage":"pt-PT"}]}},"builder_content":"<img decoding=\"async\" src=\"https:\/\/themify.me\/demo\/themes\/builder-layouts\/files\/2016\/01\/Apple-Watch_MockUp_typeA-1-650x662.png\" width=\"650\" alt=\"Boxed Compact Header\" \/>\n<h1>Smart\u00a0Watch<\/h1><h3>Change the way you see time<\/h3>\n<h1>Why Smart\u00a0Watch?<\/h1><h3>Sed sagittis, elit egestas rutrum vehicula, neque dolor fringilla lacus, ut rhoncus turpis augue vitae libero. Nam risus velit, rhoncus eget consectetur id, posuere eget diam pretium cursus at ligula.<\/h3>\n<img decoding=\"async\" src=\"https:\/\/themify.me\/demo\/themes\/builder-layouts\/files\/2016\/01\/Apple_Watch_Mockup_juank85-3-550x536.png\" width=\"550\" alt=\"Boxed Compact Header\" \/>\n<h3>Phone Connect<\/h3>\n<a href=\"https:\/\/themify.me\/\" > LEARN MORE <\/a>\n<h3>Fitness Tracker<\/h3>\n<a href=\"https:\/\/themify.me\/\" > LEARN MORE <\/a>\n<img decoding=\"async\" src=\"https:\/\/themify.me\/demo\/themes\/builder-layouts\/files\/2016\/01\/apple-watch-moxtra-app-1024x537-550x288.png\" width=\"550\" alt=\"Boxed Compact Header\" \/>\n<h1>Colors<\/h1><h3>Sed sagittis, elit egestas rutrum vehicula, neque dolor fringilla lacus, ut rhoncus turpis augue vitae libero. Nam risus velit, rhoncus eget consectetur id, posuere at ligula.<\/h3>\n<h1>Get Smart\u00a0Watch<\/h1><h3>Buy from our store and get 30% off<\/h3>\n<a href=\"http:\/\/themify.me\/\" > BUY NOW <\/a>","_links":{"self":[{"href":"http:\/\/creativebox.pt\/claudiomarques\/wp-json\/wp\/v2\/pages\/5156","targetHints":{"allow":["GET"]}}],"collection":[{"href":"http:\/\/creativebox.pt\/claudiomarques\/wp-json\/wp\/v2\/pages"}],"about":[{"href":"http:\/\/creativebox.pt\/claudiomarques\/wp-json\/wp\/v2\/types\/page"}],"author":[{"embeddable":true,"href":"http:\/\/creativebox.pt\/claudiomarques\/wp-json\/wp\/v2\/users\/1"}],"replies":[{"embeddable":true,"href":"http:\/\/creativebox.pt\/claudiomarques\/wp-json\/wp\/v2\/comments?post=5156"}],"version-history":[{"count":0,"href":"http:\/\/creativebox.pt\/claudiomarques\/wp-json\/wp\/v2\/pages\/5156\/revisions"}],"up":[{"embeddable":true,"href":"http:\/\/creativebox.pt\/claudiomarques\/wp-json\/wp\/v2\/pages\/3420"}],"wp:attachment":[{"href":"http:\/\/creativebox.pt\/claudiomarques\/wp-json\/wp\/v2\/media?parent=5156"}],"curies":[{"name":"wp","href":"https:\/\/api.w.org\/{rel}","templated":true}]}}