{"id":5155,"date":"2016-06-08T21:20:44","date_gmt":"2016-06-08T21:20:44","guid":{"rendered":"https:\/\/themify.me\/demo\/themes\/ultra\/?page_id=5155"},"modified":"2020-11-24T22:00:13","modified_gmt":"2020-11-24T22:00:13","slug":"top-bar-header","status":"publish","type":"page","link":"http:\/\/creativebox.pt\/claudiomarques\/theme-appearance\/top-bar-header\/","title":{"rendered":"Top Bar Header"},"content":{"rendered":"\n<!-- Facebook Like Button Vivacity Infotech BEGIN -->\n<div class=\"fb-like\" data-href=\"http:\/\/creativebox.pt\/claudiomarques\/theme-appearance\/top-bar-header\/\" data-layout=\"standard\" data-action=\"like\" data-show-faces=\"false\" data-size=\"small\" data-width=\"450\" data-share=\"\" ><\/div>\n<!-- Facebook Like Button Vivacity Infotech END -->\n<div id=\"themify_builder_content-5155\" data-postid=\"5155\" class=\"themify_builder_content themify_builder_content-5155 themify_builder\">\n    \t<!-- module_row -->\n\t<div   class=\"themify_builder_row module_row clearfix module_row_0 themify_builder_5155_row module_row_5155-0 tb_78n1227 module_row_section\">\n\t    \t    <div class=\"row_inner col_align_top\" >\n\t\t\t<div  class=\"module_column tb-column col-full  first tb_5155_column module_column_0 module_column_5155-0-0 tb_ty29555\">\n\t    \t    \t        <div class=\"tb-column-inner\">\n\t\t    \t<div  class=\"themify_builder_sub_row module_subrow clearfix sub_row_0-0-1 tb_ownv570\">\n\t    \t    <div class=\"subrow_inner col_align_middle\" >\n\t\t\t<div  class=\"sub_column module_column col4-2  first sub_column_post_5155 sub_column_0-0-1-0 tb_p83n257\"> \n\t    \t    \t        <div class=\"tb-column-inner\">\n\t\t    <!-- module text -->\n<div  class=\"module module-text tb_0ay2108    \">\n            <div  class=\"tb_text_wrap\">\n    <h1>Company<\/h1><h3>Design your own company landing page with the Company Page 2 layout<\/h3>    <\/div>\n<\/div>\n<!-- \/module text -->\n    <!-- module buttons -->\n    <div  class=\"module module-buttons tb_q0cd022 normal solid squared  \">\n\t        \t<div class=\"module-buttons\">\n                            <div class=\"module-buttons-item  buttons-horizontal\">\n\t\t    \t\t\t<a href=\"https:\/\/themify.me\/\" class=\"ui builder_button purple\" >\n\t\t    \t\t    \t\t\t<span>BUY NOW<\/span>\n\t\t    \t\t    \t\t\t<\/a>\n\t\t                    <\/div>\n                    <\/div>\n    <\/div>\n    <!-- \/module buttons -->\n\t        <\/div>\n\t    \t<\/div>\n\t\t<div  class=\"sub_column module_column col4-2  last sub_column_post_5155 sub_column_0-0-1-1 tb_3dmx322\"> \n\t    \t    \t        <div class=\"tb-column-inner\">\n\t\t        <!-- module image -->\n    <div  class=\"module module-image tb_j5i6008   image-center  \">\n\t                <div class=\"image-wrap\">\n                            <img decoding=\"async\" src=\"https:\/\/themify.me\/demo\/themes\/builder-layouts\/files\/2016\/01\/Leaderboard_Free-1-500x288.png\" width=\"500\" alt=\"Top Bar Header\" \/>            \n                        <\/div>\n            <!-- \/image-wrap -->\n        \n        \n        <\/div>\n    <!-- \/module image -->\n\t        <\/div>\n\t    \t<\/div>\n\t\t    <\/div>\n\t<\/div><!-- \/themify_builder_sub_row -->\n\t\t        <\/div>\n\t    \t<\/div>\n\t\t    <\/div>\n\t    <!-- \/row_inner -->\n\t<\/div>\n\t<!-- \/module_row -->\n\t\t<!-- module_row -->\n\t<div   class=\"themify_builder_row module_row clearfix module_row_1 themify_builder_5155_row module_row_5155-1 tb_3ii5824 module_row_section\">\n\t    \t    <div class=\"row_inner col_align_top\" >\n\t\t\t<div  class=\"module_column tb-column col-full  first tb_5155_column module_column_0 module_column_5155-1-0 tb_g213087\">\n\t    \t    \t        <div class=\"tb-column-inner\">\n\t\t    \t<div  class=\"themify_builder_sub_row module_subrow clearfix sub_row_1-0-1 tb_hgwh020\">\n\t    \t    <div class=\"subrow_inner col_align_middle\" >\n\t\t\t<div  class=\"sub_column module_column col4-1  first sub_column_post_5155 sub_column_1-0-1-0 tb_9r1c805\"> \n\t    \t    \t        <div class=\"tb-column-inner\">\n\t\t    <!-- module text -->\n<div  class=\"module module-text tb_ehrd880    \">\n            <div  class=\"tb_text_wrap\">\n    <h3 style=\"text-align: left;\"><em>Market Industry Expertise<\/em><\/h3><ul><li style=\"text-align: left;\">Sales Revenue<\/li><li style=\"text-align: left;\">Cost Associated Per Lead Acquisition<\/li><li style=\"text-align: left;\">Online Marketing ROI<\/li><li style=\"text-align: left;\">Site Traffic: Lead Ratio<\/li><\/ul>    <\/div>\n<\/div>\n<!-- \/module text -->\n\t        <\/div>\n\t    \t<\/div>\n\t\t<div  class=\"sub_column module_column col4-3  last sub_column_post_5155 sub_column_1-0-1-1 tb_r81e957\"> \n\t    \t    \t        <div class=\"tb-column-inner\">\n\t\t        <!-- module image -->\n    <div  class=\"module module-image tb_a9fk230   image-center  \">\n\t                <div class=\"image-wrap\">\n                            <img decoding=\"async\" src=\"https:\/\/themify.me\/demo\/themes\/builder-layouts\/files\/2016\/01\/overview_display_hero-1-1024x603-700x412.jpg\" width=\"700\" alt=\"Top Bar Header\" \/>            \n                        <\/div>\n            <!-- \/image-wrap -->\n        \n        \n        <\/div>\n    <!-- \/module image -->\n\t        <\/div>\n\t    \t<\/div>\n\t\t    <\/div>\n\t<\/div><!-- \/themify_builder_sub_row -->\n\t\t        <\/div>\n\t    \t<\/div>\n\t\t    <\/div>\n\t    <!-- \/row_inner -->\n\t<\/div>\n\t<!-- \/module_row -->\n\t\t<!-- module_row -->\n\t<div   class=\"themify_builder_row module_row clearfix fullcover module_row_2 themify_builder_5155_row module_row_5155-2 tb_w1jn529 module_row_section\">\n\t    \t    <div class=\"row_inner col_align_top\" >\n\t\t\t<div  class=\"module_column tb-column col-full  first tb_5155_column module_column_0 module_column_5155-2-0 tb_prn3019\">\n\t    \t    \t        <div class=\"tb-column-inner\">\n\t\t    <!-- module text -->\n<div  class=\"module module-text tb_yqt7323    \">\n            <div  class=\"tb_text_wrap\">\n    <h2 style=\"text-align: center;\">OS Support<\/h2>    <\/div>\n<\/div>\n<!-- \/module text -->\n\t        <\/div>\n\t    \t<\/div>\n\t\t    <\/div>\n\t    <!-- \/row_inner -->\n\t<\/div>\n\t<!-- \/module_row -->\n\t\t<!-- module_row -->\n\t<div   class=\"themify_builder_row module_row clearfix fullwidth_row_container module_row_3 themify_builder_5155_row module_row_5155-3 tb_717z299 module_row_section\">\n\t    \t    <div class=\"row_inner col_align_middle gutter-none\" >\n\t\t\t<div  class=\"module_column tb-column col3-1  first tb_5155_column module_column_0 module_column_5155-3-0 tb_mdq7042\">\n\t    \t    \t        <div class=\"tb-column-inner\">\n\t\t    \t<div  class=\"themify_builder_sub_row module_subrow clearfix sub_row_3-0-1 tb_bhnn222\">\n\t    \t    <div class=\"subrow_inner gutter-none col_align_middle\" >\n\t\t\t<div  class=\"sub_column module_column col3-1  first sub_column_post_5155 sub_column_3-0-1-0 tb_wc03972\"> \n\t    \t    \t        <div class=\"tb-column-inner\">\n\t\t        <!-- module icon -->\n    <div  class=\"module module-icon tb_zi3l872  xlarge none icon_horizontal  \">\n\t        \t<div class=\"module-icon\">\n                            <div class=\"module-icon-item\">\n                                                                        <i class=\"fa fa-quote-left ui black\"><\/i>\n                                                                                        <\/div>\n                    <\/div>\n    <\/div>\n    <!-- \/module icon -->\n\t        <\/div>\n\t    \t<\/div>\n\t\t<div  class=\"sub_column module_column col3-2  last sub_column_post_5155 sub_column_3-0-1-1 tb_cm6c587\"> \n\t    \t    \t        <div class=\"tb-column-inner\">\n\t\t    <!-- module text -->\n<div  class=\"module module-text tb_vk5p949    \">\n            <div  class=\"tb_text_wrap\">\n    <p>It takes 20 years to build a reputation and five minutes to ruin it. If you think about that, you\u2019ll do things differently.<\/p><p style=\"text-align: left;\">\u2013 <em>Warren Buffett<br \/> <\/em>CEO of Berkshire Hathaway<\/p>    <\/div>\n<\/div>\n<!-- \/module text -->\n\t        <\/div>\n\t    \t<\/div>\n\t\t    <\/div>\n\t<\/div><!-- \/themify_builder_sub_row -->\n\t\t        <\/div>\n\t    \t<\/div>\n\t\t<div  class=\"module_column tb-column col3-2  last tb_5155_column module_column_1 module_column_5155-3-1 tb_xtr9005\">\n\t    \t    \t        <div class=\"tb-column-inner\">\n\t\t    <!-- module text -->\n<div  class=\"module module-text tb_tkgy150    \">\n            <div  class=\"tb_text_wrap\">\n    <h4>A Vision and Strategy for the Future<\/h4><p class=\"alParagraph\">Diversity and inclusion are integral to Microsoft\u2019s vision, strategy and business success. We recognize that leadership in today\u2019s global marketplace requires that we create a corporate culture and an inclusive business environment where the best and brightest diverse minds\u2014employees with varied perspectives, skills, and experiences&#8211;work together to meet global consumer demands.\u00a0 The collaboration of cultures, ideas, and different perspectives is an organizational asset and brings forth greater creativity and innovation.<\/p><p class=\"alParagraph\">Learn about our commitment to global diversity and inclusion, including our\u00a0<a href=\"http:\/\/www.microsoft.com\/about\/en\/xm\/importedcontent\/about\/diversity\/en\/us\/vision.aspx#Our Global Diversity &amp; Inclusion Vision Statement\">vision<\/a>, <a href=\"http:\/\/www.microsoft.com\/about\/en\/xm\/importedcontent\/about\/diversity\/en\/us\/vision.aspx#Key Growth Strategies\">strategy<\/a>, and plans for the future. \u00a0<a href=\"http:\/\/www.microsoft.com\/about\/en\/xm\/importedcontent\/about\/diversity\/en\/us\/vision.aspx\">Read More&#8230;<\/a><\/p><p class=\"alParagraph\"><a href=\"https:\/\/themify.me\/demo\/themes\/landing\/files\/2015\/03\/microsoftlogov3.png\"><img loading=\"lazy\" decoding=\"async\" class=\"alignnone size-full wp-image-3142\" src=\"https:\/\/themify.me\/demo\/themes\/landing\/files\/2015\/03\/microsoftlogov3.png\" alt=\"microsoftlogov3\" width=\"94\" height=\"20\" \/><\/a><\/p>    <\/div>\n<\/div>\n<!-- \/module text -->\n\t        <\/div>\n\t    \t<\/div>\n\t\t    <\/div>\n\t    <!-- \/row_inner -->\n\t<\/div>\n\t<!-- \/module_row -->\n\t\t<!-- module_row -->\n\t<div   class=\"themify_builder_row module_row clearfix fullwidth_row_container module_row_4 themify_builder_5155_row module_row_5155-4 tb_uvp9230 module_row_section\">\n\t    \t    <div class=\"row_inner col_align_middle gutter-none\" >\n\t\t\t<div  class=\"module_column tb-column col3-1  first tb_5155_column module_column_0 module_column_5155-4-0 tb_zjzz030\">\n\t    \t    \t        <div class=\"tb-column-inner\">\n\t\t    <!-- module text -->\n<div  class=\"module module-text tb_x0yk504    \">\n            <div  class=\"tb_text_wrap\">\n    <h4>Join Our Team<\/h4><ul><li><a href=\"#\">Frontend Developer<\/a><\/li><li><a href=\"#\">Designer<\/a><\/li><li><a href=\"#\">Customer Support<\/a><\/li><li><a href=\"#\">Social Media Strategist<\/a><\/li><\/ul>    <\/div>\n<\/div>\n<!-- \/module text -->\n\t        <\/div>\n\t    \t<\/div>\n\t\t<div  class=\"module_column tb-column col3-2  last tb_5155_column module_column_1 module_column_5155-4-1 tb_iu4a775\">\n\t    \t    \t        <div class=\"tb-column-inner\">\n\t\t    <!-- module text -->\n<div  class=\"module module-text tb_cm1m887    \">\n            <div  class=\"tb_text_wrap\">\n    <h4>Corporate Culture<\/h4><p><em><strong>Why work with US?<\/strong><\/em><\/p><p>Donec vehicula mi augue, eu vehicula lacus dapibus nec. Donec elementum tristique faucibus. Proin vitae turpis vel sem mattis egestas. Quisque vehicula, risus scelerisque porta malesuada.<\/p><p class=\"&quot;alParagraph&quot;\"><strong>Our Benefits:<\/strong><\/p><ul><li class=\"&quot;alParagraph&quot;\">Work from home flexibility<\/li><li class=\"&quot;alParagraph&quot;\">Competitive Salary\u00a0<\/li><li class=\"&quot;alParagraph&quot;\">Health Care Benefits<\/li><\/ul>    <\/div>\n<\/div>\n<!-- \/module text -->\n\t        <\/div>\n\t    \t<\/div>\n\t\t    <\/div>\n\t    <!-- \/row_inner -->\n\t<\/div>\n\t<!-- \/module_row -->\n\t<\/div>\n\n\n","protected":false},"excerpt":{"rendered":"<p>Company Design your own company landing page with the Company Page 2 layout BUY NOW Market Industry Expertise Sales Revenue Cost Associated Per Lead Acquisition Online Marketing ROI Site Traffic: Lead Ratio OS Support It takes 20 years to build a reputation and five minutes to ruin it. If you think about that, you\u2019ll do [&hellip;]<\/p>\n","protected":false},"author":1,"featured_media":0,"parent":3420,"menu_order":0,"comment_status":"closed","ping_status":"closed","template":"","meta":{"footnotes":""},"class_list":["post-5155","page","type-page","status-publish","hentry","has-post-title","has-post-date","has-post-category","has-post-tag","has-post-comment","has-post-author",""],"yoast_head":"<!-- This site is optimized with the Yoast SEO plugin v24.0 - https:\/\/yoast.com\/wordpress\/plugins\/seo\/ -->\n<title>Top Bar Header - Cl\u00e1udio Marques - Designer Multim\u00e9dia<\/title>\n<meta name=\"robots\" content=\"index, follow, max-snippet:-1, max-image-preview:large, max-video-preview:-1\" \/>\n<link rel=\"canonical\" href=\"http:\/\/creativebox.pt\/claudiomarques\/theme-appearance\/top-bar-header\/\" \/>\n<meta property=\"og:locale\" content=\"pt_PT\" \/>\n<meta property=\"og:type\" content=\"article\" \/>\n<meta property=\"og:title\" content=\"Top Bar Header - Cl\u00e1udio Marques - Designer Multim\u00e9dia\" \/>\n<meta property=\"og:description\" content=\"Company Design your own company landing page with the Company Page 2 layout BUY NOW Market Industry Expertise Sales Revenue Cost Associated Per Lead Acquisition Online Marketing ROI Site Traffic: Lead Ratio OS Support It takes 20 years to build a reputation and five minutes to ruin it. If you think about that, you\u2019ll do [&hellip;]\" \/>\n<meta property=\"og:url\" content=\"http:\/\/creativebox.pt\/claudiomarques\/theme-appearance\/top-bar-header\/\" \/>\n<meta property=\"og:site_name\" content=\"Cl\u00e1udio Marques - Designer Multim\u00e9dia\" \/>\n<meta property=\"article:modified_time\" content=\"2020-11-24T22:00:13+00:00\" \/>\n<meta property=\"og:image\" content=\"https:\/\/themify.me\/demo\/themes\/builder-layouts\/files\/2016\/01\/Leaderboard_Free-1-500x288.png\" \/>\n<meta name=\"twitter:card\" content=\"summary_large_image\" \/>\n<meta name=\"twitter:label1\" content=\"Tempo estimado de leitura\" \/>\n\t<meta name=\"twitter:data1\" content=\"1 minuto\" \/>\n<script type=\"application\/ld+json\" class=\"yoast-schema-graph\">{\"@context\":\"https:\/\/schema.org\",\"@graph\":[{\"@type\":\"WebPage\",\"@id\":\"http:\/\/creativebox.pt\/claudiomarques\/theme-appearance\/top-bar-header\/\",\"url\":\"http:\/\/creativebox.pt\/claudiomarques\/theme-appearance\/top-bar-header\/\",\"name\":\"Top Bar Header - Cl\u00e1udio Marques - Designer Multim\u00e9dia\",\"isPartOf\":{\"@id\":\"http:\/\/creativebox.pt\/claudiomarques\/#website\"},\"primaryImageOfPage\":{\"@id\":\"http:\/\/creativebox.pt\/claudiomarques\/theme-appearance\/top-bar-header\/#primaryimage\"},\"image\":{\"@id\":\"http:\/\/creativebox.pt\/claudiomarques\/theme-appearance\/top-bar-header\/#primaryimage\"},\"thumbnailUrl\":\"https:\/\/themify.me\/demo\/themes\/builder-layouts\/files\/2016\/01\/Leaderboard_Free-1-500x288.png\",\"datePublished\":\"2016-06-08T21:20:44+00:00\",\"dateModified\":\"2020-11-24T22:00:13+00:00\",\"breadcrumb\":{\"@id\":\"http:\/\/creativebox.pt\/claudiomarques\/theme-appearance\/top-bar-header\/#breadcrumb\"},\"inLanguage\":\"pt-PT\",\"potentialAction\":[{\"@type\":\"ReadAction\",\"target\":[\"http:\/\/creativebox.pt\/claudiomarques\/theme-appearance\/top-bar-header\/\"]}]},{\"@type\":\"ImageObject\",\"inLanguage\":\"pt-PT\",\"@id\":\"http:\/\/creativebox.pt\/claudiomarques\/theme-appearance\/top-bar-header\/#primaryimage\",\"url\":\"https:\/\/themify.me\/demo\/themes\/builder-layouts\/files\/2016\/01\/Leaderboard_Free-1-500x288.png\",\"contentUrl\":\"https:\/\/themify.me\/demo\/themes\/builder-layouts\/files\/2016\/01\/Leaderboard_Free-1-500x288.png\"},{\"@type\":\"BreadcrumbList\",\"@id\":\"http:\/\/creativebox.pt\/claudiomarques\/theme-appearance\/top-bar-header\/#breadcrumb\",\"itemListElement\":[{\"@type\":\"ListItem\",\"position\":1,\"name\":\"In\u00edcio\",\"item\":\"http:\/\/creativebox.pt\/claudiomarques\/\"},{\"@type\":\"ListItem\",\"position\":2,\"name\":\"Appearance\",\"item\":\"http:\/\/creativebox.pt\/claudiomarques\/theme-appearance\/\"},{\"@type\":\"ListItem\",\"position\":3,\"name\":\"Top Bar Header\"}]},{\"@type\":\"WebSite\",\"@id\":\"http:\/\/creativebox.pt\/claudiomarques\/#website\",\"url\":\"http:\/\/creativebox.pt\/claudiomarques\/\",\"name\":\"Cl\u00e1udio Marques - Designer Multim\u00e9dia\",\"description\":\"Portf\u00f3lio de Cl\u00e1udio Marques\",\"potentialAction\":[{\"@type\":\"SearchAction\",\"target\":{\"@type\":\"EntryPoint\",\"urlTemplate\":\"http:\/\/creativebox.pt\/claudiomarques\/?s={search_term_string}\"},\"query-input\":{\"@type\":\"PropertyValueSpecification\",\"valueRequired\":true,\"valueName\":\"search_term_string\"}}],\"inLanguage\":\"pt-PT\"}]}<\/script>\n<!-- \/ Yoast SEO plugin. -->","yoast_head_json":{"title":"Top Bar Header - Cl\u00e1udio Marques - Designer Multim\u00e9dia","robots":{"index":"index","follow":"follow","max-snippet":"max-snippet:-1","max-image-preview":"max-image-preview:large","max-video-preview":"max-video-preview:-1"},"canonical":"http:\/\/creativebox.pt\/claudiomarques\/theme-appearance\/top-bar-header\/","og_locale":"pt_PT","og_type":"article","og_title":"Top Bar Header - Cl\u00e1udio Marques - Designer Multim\u00e9dia","og_description":"Company Design your own company landing page with the Company Page 2 layout BUY NOW Market Industry Expertise Sales Revenue Cost Associated Per Lead Acquisition Online Marketing ROI Site Traffic: Lead Ratio OS Support It takes 20 years to build a reputation and five minutes to ruin it. If you think about that, you\u2019ll do [&hellip;]","og_url":"http:\/\/creativebox.pt\/claudiomarques\/theme-appearance\/top-bar-header\/","og_site_name":"Cl\u00e1udio Marques - Designer Multim\u00e9dia","article_modified_time":"2020-11-24T22:00:13+00:00","og_image":[{"url":"https:\/\/themify.me\/demo\/themes\/builder-layouts\/files\/2016\/01\/Leaderboard_Free-1-500x288.png","type":"","width":"","height":""}],"twitter_card":"summary_large_image","twitter_misc":{"Tempo estimado de leitura":"1 minuto"},"schema":{"@context":"https:\/\/schema.org","@graph":[{"@type":"WebPage","@id":"http:\/\/creativebox.pt\/claudiomarques\/theme-appearance\/top-bar-header\/","url":"http:\/\/creativebox.pt\/claudiomarques\/theme-appearance\/top-bar-header\/","name":"Top Bar Header - Cl\u00e1udio Marques - Designer Multim\u00e9dia","isPartOf":{"@id":"http:\/\/creativebox.pt\/claudiomarques\/#website"},"primaryImageOfPage":{"@id":"http:\/\/creativebox.pt\/claudiomarques\/theme-appearance\/top-bar-header\/#primaryimage"},"image":{"@id":"http:\/\/creativebox.pt\/claudiomarques\/theme-appearance\/top-bar-header\/#primaryimage"},"thumbnailUrl":"https:\/\/themify.me\/demo\/themes\/builder-layouts\/files\/2016\/01\/Leaderboard_Free-1-500x288.png","datePublished":"2016-06-08T21:20:44+00:00","dateModified":"2020-11-24T22:00:13+00:00","breadcrumb":{"@id":"http:\/\/creativebox.pt\/claudiomarques\/theme-appearance\/top-bar-header\/#breadcrumb"},"inLanguage":"pt-PT","potentialAction":[{"@type":"ReadAction","target":["http:\/\/creativebox.pt\/claudiomarques\/theme-appearance\/top-bar-header\/"]}]},{"@type":"ImageObject","inLanguage":"pt-PT","@id":"http:\/\/creativebox.pt\/claudiomarques\/theme-appearance\/top-bar-header\/#primaryimage","url":"https:\/\/themify.me\/demo\/themes\/builder-layouts\/files\/2016\/01\/Leaderboard_Free-1-500x288.png","contentUrl":"https:\/\/themify.me\/demo\/themes\/builder-layouts\/files\/2016\/01\/Leaderboard_Free-1-500x288.png"},{"@type":"BreadcrumbList","@id":"http:\/\/creativebox.pt\/claudiomarques\/theme-appearance\/top-bar-header\/#breadcrumb","itemListElement":[{"@type":"ListItem","position":1,"name":"In\u00edcio","item":"http:\/\/creativebox.pt\/claudiomarques\/"},{"@type":"ListItem","position":2,"name":"Appearance","item":"http:\/\/creativebox.pt\/claudiomarques\/theme-appearance\/"},{"@type":"ListItem","position":3,"name":"Top Bar Header"}]},{"@type":"WebSite","@id":"http:\/\/creativebox.pt\/claudiomarques\/#website","url":"http:\/\/creativebox.pt\/claudiomarques\/","name":"Cl\u00e1udio Marques - Designer Multim\u00e9dia","description":"Portf\u00f3lio de Cl\u00e1udio Marques","potentialAction":[{"@type":"SearchAction","target":{"@type":"EntryPoint","urlTemplate":"http:\/\/creativebox.pt\/claudiomarques\/?s={search_term_string}"},"query-input":{"@type":"PropertyValueSpecification","valueRequired":true,"valueName":"search_term_string"}}],"inLanguage":"pt-PT"}]}},"builder_content":"<h1>Company<\/h1><h3>Design your own company landing page with the Company Page 2 layout<\/h3>\n<a href=\"https:\/\/themify.me\/\" > BUY NOW <\/a>\n<img decoding=\"async\" src=\"https:\/\/themify.me\/demo\/themes\/builder-layouts\/files\/2016\/01\/Leaderboard_Free-1-500x288.png\" width=\"500\" alt=\"Top Bar Header\" \/>\n<h3 style=\"text-align: left;\"><em>Market Industry Expertise<\/em><\/h3><ul><li style=\"text-align: left;\">Sales Revenue<\/li><li style=\"text-align: left;\">Cost Associated Per Lead Acquisition<\/li><li style=\"text-align: left;\">Online Marketing ROI<\/li><li style=\"text-align: left;\">Site Traffic: Lead Ratio<\/li><\/ul>\n<img decoding=\"async\" src=\"https:\/\/themify.me\/demo\/themes\/builder-layouts\/files\/2016\/01\/overview_display_hero-1-1024x603-700x412.jpg\" width=\"700\" alt=\"Top Bar Header\" \/>\n<h2 style=\"text-align: center;\">OS Support<\/h2>\n\n<p>It takes 20 years to build a reputation and five minutes to ruin it. If you think about that, you\u2019ll do things differently.<\/p><p style=\"text-align: left;\">\u2013 <em>Warren Buffett<br \/> <\/em>CEO of Berkshire Hathaway<\/p>\n<h4>A Vision and Strategy for the Future<\/h4><p>Diversity and inclusion are integral to Microsoft\u2019s vision, strategy and business success. We recognize that leadership in today\u2019s global marketplace requires that we create a corporate culture and an inclusive business environment where the best and brightest diverse minds\u2014employees with varied perspectives, skills, and experiences--work together to meet global consumer demands.\u00a0 The collaboration of cultures, ideas, and different perspectives is an organizational asset and brings forth greater creativity and innovation.<\/p><p>Learn about our commitment to global diversity and inclusion, including our\u00a0<a href=\"http:\/\/www.microsoft.com\/about\/en\/xm\/importedcontent\/about\/diversity\/en\/us\/vision.aspx#Our Global Diversity &amp; Inclusion Vision Statement\">vision<\/a>, <a href=\"http:\/\/www.microsoft.com\/about\/en\/xm\/importedcontent\/about\/diversity\/en\/us\/vision.aspx#Key Growth Strategies\">strategy<\/a>, and plans for the future. \u00a0<a href=\"http:\/\/www.microsoft.com\/about\/en\/xm\/importedcontent\/about\/diversity\/en\/us\/vision.aspx\">Read More...<\/a><\/p><p><a href=\"https:\/\/themify.me\/demo\/themes\/landing\/files\/2015\/03\/microsoftlogov3.png\"><img loading=\"lazy\" decoding=\"async\" src=\"https:\/\/themify.me\/demo\/themes\/landing\/files\/2015\/03\/microsoftlogov3.png\" alt=\"microsoftlogov3\" width=\"94\" height=\"20\" \/><\/a><\/p>\n<h4>Join Our Team<\/h4><ul><li><a href=\"#\">Frontend Developer<\/a><\/li><li><a href=\"#\">Designer<\/a><\/li><li><a href=\"#\">Customer Support<\/a><\/li><li><a href=\"#\">Social Media Strategist<\/a><\/li><\/ul>\n<h4>Corporate Culture<\/h4><p><em><strong>Why work with US?<\/strong><\/em><\/p><p>Donec vehicula mi augue, eu vehicula lacus dapibus nec. Donec elementum tristique faucibus. Proin vitae turpis vel sem mattis egestas. Quisque vehicula, risus scelerisque porta malesuada.<\/p><p><strong>Our Benefits:<\/strong><\/p><ul><li>Work from home flexibility<\/li><li>Competitive Salary\u00a0<\/li><li>Health Care Benefits<\/li><\/ul>","_links":{"self":[{"href":"http:\/\/creativebox.pt\/claudiomarques\/wp-json\/wp\/v2\/pages\/5155","targetHints":{"allow":["GET"]}}],"collection":[{"href":"http:\/\/creativebox.pt\/claudiomarques\/wp-json\/wp\/v2\/pages"}],"about":[{"href":"http:\/\/creativebox.pt\/claudiomarques\/wp-json\/wp\/v2\/types\/page"}],"author":[{"embeddable":true,"href":"http:\/\/creativebox.pt\/claudiomarques\/wp-json\/wp\/v2\/users\/1"}],"replies":[{"embeddable":true,"href":"http:\/\/creativebox.pt\/claudiomarques\/wp-json\/wp\/v2\/comments?post=5155"}],"version-history":[{"count":0,"href":"http:\/\/creativebox.pt\/claudiomarques\/wp-json\/wp\/v2\/pages\/5155\/revisions"}],"up":[{"embeddable":true,"href":"http:\/\/creativebox.pt\/claudiomarques\/wp-json\/wp\/v2\/pages\/3420"}],"wp:attachment":[{"href":"http:\/\/creativebox.pt\/claudiomarques\/wp-json\/wp\/v2\/media?parent=5155"}],"curies":[{"name":"wp","href":"https:\/\/api.w.org\/{rel}","templated":true}]}}