{"id":4272,"date":"2015-07-03T16:29:59","date_gmt":"2015-07-03T16:29:59","guid":{"rendered":"https:\/\/themify.me\/demo\/themes\/ultra\/?page_id=4272"},"modified":"2020-11-18T13:44:45","modified_gmt":"2020-11-18T13:44:45","slug":"builder-layouts","status":"publish","type":"page","link":"http:\/\/creativebox.pt\/claudiomarques\/builder-layouts\/","title":{"rendered":"Builder Layouts"},"content":{"rendered":"\n<!-- Facebook Like Button Vivacity Infotech BEGIN -->\n<div class=\"fb-like\" data-href=\"http:\/\/creativebox.pt\/claudiomarques\/builder-layouts\/\" data-layout=\"standard\" data-action=\"like\" data-show-faces=\"false\" data-size=\"small\" data-width=\"450\" data-share=\"\" ><\/div>\n<!-- Facebook Like Button Vivacity Infotech END -->\n<h2 style=\"text-align: center;\">Pre-built\u00a0Layouts<\/h2>\n<p style=\"text-align: center;\">We&#8217;ve made it easier for your to create landing pages. Below showcases\u00a0various landing page layouts that are included in the theme package. Simply import to your site, edit the content, and done!<\/p>\n<div id=\"themify_builder_content-4272\" data-postid=\"4272\" class=\"themify_builder_content themify_builder_content-4272 themify_builder\">\n    \t<!-- module_row -->\n\t<div   class=\"themify_builder_row module_row clearfix module_row_0 themify_builder_4272_row module_row_4272-0 tb_ajiy555\">\n\t    \t    <div class=\"row_inner col_align_top\" >\n\t\t\t<div  class=\"module_column tb-column col-full  first tb_4272_column module_column_0 module_column_4272-0-0 tb_pojj767\">\n\t    \t    \t<\/div>\n\t\t    <\/div>\n\t    <!-- \/row_inner -->\n\t<\/div>\n\t<!-- \/module_row -->\n\t<\/div>\n<!-- \/themify_builder_content -->\n","protected":false},"excerpt":{"rendered":"<p>Pre-built\u00a0Layouts We&#8217;ve made it easier for your to create landing pages. Below showcases\u00a0various landing page layouts that are included in the theme package. Simply import to your site, edit the content, and done!<\/p>\n","protected":false},"author":1,"featured_media":0,"parent":0,"menu_order":0,"comment_status":"closed","ping_status":"closed","template":"","meta":{"footnotes":""},"class_list":["post-4272","page","type-page","status-publish","hentry","has-post-title","has-post-date","has-post-category","has-post-tag","has-post-comment","has-post-author",""],"yoast_head":"<!-- This site is optimized with the Yoast SEO plugin v24.0 - https:\/\/yoast.com\/wordpress\/plugins\/seo\/ -->\n<title>Builder Layouts - Cl\u00e1udio Marques - Designer Multim\u00e9dia<\/title>\n<meta name=\"robots\" content=\"index, follow, max-snippet:-1, max-image-preview:large, max-video-preview:-1\" \/>\n<link rel=\"canonical\" href=\"http:\/\/creativebox.pt\/claudiomarques\/builder-layouts\/\" \/>\n<meta property=\"og:locale\" content=\"pt_PT\" \/>\n<meta property=\"og:type\" content=\"article\" \/>\n<meta property=\"og:title\" content=\"Builder Layouts - Cl\u00e1udio Marques - Designer Multim\u00e9dia\" \/>\n<meta property=\"og:description\" content=\"Pre-built\u00a0Layouts We&#8217;ve made it easier for your to create landing pages. Below showcases\u00a0various landing page layouts that are included in the theme package. Simply import to your site, edit the content, and done!\" \/>\n<meta property=\"og:url\" content=\"http:\/\/creativebox.pt\/claudiomarques\/builder-layouts\/\" \/>\n<meta property=\"og:site_name\" content=\"Cl\u00e1udio Marques - Designer Multim\u00e9dia\" \/>\n<meta property=\"article:modified_time\" content=\"2020-11-18T13:44:45+00:00\" \/>\n<meta name=\"twitter:card\" content=\"summary_large_image\" \/>\n<script type=\"application\/ld+json\" class=\"yoast-schema-graph\">{\"@context\":\"https:\/\/schema.org\",\"@graph\":[{\"@type\":\"WebPage\",\"@id\":\"http:\/\/creativebox.pt\/claudiomarques\/builder-layouts\/\",\"url\":\"http:\/\/creativebox.pt\/claudiomarques\/builder-layouts\/\",\"name\":\"Builder Layouts - Cl\u00e1udio Marques - Designer Multim\u00e9dia\",\"isPartOf\":{\"@id\":\"http:\/\/creativebox.pt\/claudiomarques\/#website\"},\"datePublished\":\"2015-07-03T16:29:59+00:00\",\"dateModified\":\"2020-11-18T13:44:45+00:00\",\"breadcrumb\":{\"@id\":\"http:\/\/creativebox.pt\/claudiomarques\/builder-layouts\/#breadcrumb\"},\"inLanguage\":\"pt-PT\",\"potentialAction\":[{\"@type\":\"ReadAction\",\"target\":[\"http:\/\/creativebox.pt\/claudiomarques\/builder-layouts\/\"]}]},{\"@type\":\"BreadcrumbList\",\"@id\":\"http:\/\/creativebox.pt\/claudiomarques\/builder-layouts\/#breadcrumb\",\"itemListElement\":[{\"@type\":\"ListItem\",\"position\":1,\"name\":\"In\u00edcio\",\"item\":\"http:\/\/creativebox.pt\/claudiomarques\/\"},{\"@type\":\"ListItem\",\"position\":2,\"name\":\"Builder Layouts\"}]},{\"@type\":\"WebSite\",\"@id\":\"http:\/\/creativebox.pt\/claudiomarques\/#website\",\"url\":\"http:\/\/creativebox.pt\/claudiomarques\/\",\"name\":\"Cl\u00e1udio Marques - Designer Multim\u00e9dia\",\"description\":\"Portf\u00f3lio de Cl\u00e1udio Marques\",\"potentialAction\":[{\"@type\":\"SearchAction\",\"target\":{\"@type\":\"EntryPoint\",\"urlTemplate\":\"http:\/\/creativebox.pt\/claudiomarques\/?s={search_term_string}\"},\"query-input\":{\"@type\":\"PropertyValueSpecification\",\"valueRequired\":true,\"valueName\":\"search_term_string\"}}],\"inLanguage\":\"pt-PT\"}]}<\/script>\n<!-- \/ Yoast SEO plugin. -->","yoast_head_json":{"title":"Builder Layouts - Cl\u00e1udio Marques - Designer Multim\u00e9dia","robots":{"index":"index","follow":"follow","max-snippet":"max-snippet:-1","max-image-preview":"max-image-preview:large","max-video-preview":"max-video-preview:-1"},"canonical":"http:\/\/creativebox.pt\/claudiomarques\/builder-layouts\/","og_locale":"pt_PT","og_type":"article","og_title":"Builder Layouts - Cl\u00e1udio Marques - Designer Multim\u00e9dia","og_description":"Pre-built\u00a0Layouts We&#8217;ve made it easier for your to create landing pages. Below showcases\u00a0various landing page layouts that are included in the theme package. Simply import to your site, edit the content, and done!","og_url":"http:\/\/creativebox.pt\/claudiomarques\/builder-layouts\/","og_site_name":"Cl\u00e1udio Marques - Designer Multim\u00e9dia","article_modified_time":"2020-11-18T13:44:45+00:00","twitter_card":"summary_large_image","schema":{"@context":"https:\/\/schema.org","@graph":[{"@type":"WebPage","@id":"http:\/\/creativebox.pt\/claudiomarques\/builder-layouts\/","url":"http:\/\/creativebox.pt\/claudiomarques\/builder-layouts\/","name":"Builder Layouts - Cl\u00e1udio Marques - Designer Multim\u00e9dia","isPartOf":{"@id":"http:\/\/creativebox.pt\/claudiomarques\/#website"},"datePublished":"2015-07-03T16:29:59+00:00","dateModified":"2020-11-18T13:44:45+00:00","breadcrumb":{"@id":"http:\/\/creativebox.pt\/claudiomarques\/builder-layouts\/#breadcrumb"},"inLanguage":"pt-PT","potentialAction":[{"@type":"ReadAction","target":["http:\/\/creativebox.pt\/claudiomarques\/builder-layouts\/"]}]},{"@type":"BreadcrumbList","@id":"http:\/\/creativebox.pt\/claudiomarques\/builder-layouts\/#breadcrumb","itemListElement":[{"@type":"ListItem","position":1,"name":"In\u00edcio","item":"http:\/\/creativebox.pt\/claudiomarques\/"},{"@type":"ListItem","position":2,"name":"Builder Layouts"}]},{"@type":"WebSite","@id":"http:\/\/creativebox.pt\/claudiomarques\/#website","url":"http:\/\/creativebox.pt\/claudiomarques\/","name":"Cl\u00e1udio Marques - Designer Multim\u00e9dia","description":"Portf\u00f3lio de Cl\u00e1udio Marques","potentialAction":[{"@type":"SearchAction","target":{"@type":"EntryPoint","urlTemplate":"http:\/\/creativebox.pt\/claudiomarques\/?s={search_term_string}"},"query-input":{"@type":"PropertyValueSpecification","valueRequired":true,"valueName":"search_term_string"}}],"inLanguage":"pt-PT"}]}},"builder_content":"","_links":{"self":[{"href":"http:\/\/creativebox.pt\/claudiomarques\/wp-json\/wp\/v2\/pages\/4272","targetHints":{"allow":["GET"]}}],"collection":[{"href":"http:\/\/creativebox.pt\/claudiomarques\/wp-json\/wp\/v2\/pages"}],"about":[{"href":"http:\/\/creativebox.pt\/claudiomarques\/wp-json\/wp\/v2\/types\/page"}],"author":[{"embeddable":true,"href":"http:\/\/creativebox.pt\/claudiomarques\/wp-json\/wp\/v2\/users\/1"}],"replies":[{"embeddable":true,"href":"http:\/\/creativebox.pt\/claudiomarques\/wp-json\/wp\/v2\/comments?post=4272"}],"version-history":[{"count":0,"href":"http:\/\/creativebox.pt\/claudiomarques\/wp-json\/wp\/v2\/pages\/4272\/revisions"}],"wp:attachment":[{"href":"http:\/\/creativebox.pt\/claudiomarques\/wp-json\/wp\/v2\/media?parent=4272"}],"curies":[{"name":"wp","href":"https:\/\/api.w.org\/{rel}","templated":true}]}}