{"id":3592,"date":"2015-04-20T22:32:46","date_gmt":"2015-04-20T22:32:46","guid":{"rendered":"https:\/\/themify.me\/demo\/themes\/ultra\/?page_id=3592"},"modified":"2020-11-26T02:28:38","modified_gmt":"2020-11-26T02:28:38","slug":"footer-horizontal-right","status":"publish","type":"page","link":"http:\/\/creativebox.pt\/claudiomarques\/theme-appearance\/footer-horizontal-right\/","title":{"rendered":"Footer Horizontal Right"},"content":{"rendered":"\n<!-- Facebook Like Button Vivacity Infotech BEGIN -->\n<div class=\"fb-like\" data-href=\"http:\/\/creativebox.pt\/claudiomarques\/theme-appearance\/footer-horizontal-right\/\" data-layout=\"standard\" data-action=\"like\" data-show-faces=\"false\" data-size=\"small\" data-width=\"450\" data-share=\"\" ><\/div>\n<!-- Facebook Like Button Vivacity Infotech END -->\n<div id=\"themify_builder_content-3592\" data-postid=\"3592\" class=\"themify_builder_content themify_builder_content-3592 themify_builder\">\n    <\/div>\n<!-- \/themify_builder_content -->\n","protected":false},"excerpt":{"rendered":"","protected":false},"author":1,"featured_media":0,"parent":3420,"menu_order":0,"comment_status":"closed","ping_status":"open","template":"","meta":{"footnotes":""},"class_list":["post-3592","page","type-page","status-publish","hentry","has-post-title","has-post-date","has-post-category","has-post-tag","has-post-comment","has-post-author",""],"yoast_head":"<!-- This site is optimized with the Yoast SEO plugin v24.0 - https:\/\/yoast.com\/wordpress\/plugins\/seo\/ -->\n<title>Footer Horizontal Right - Cl\u00e1udio Marques - Designer Multim\u00e9dia<\/title>\n<meta name=\"robots\" content=\"index, follow, max-snippet:-1, max-image-preview:large, max-video-preview:-1\" \/>\n<link rel=\"canonical\" href=\"http:\/\/creativebox.pt\/claudiomarques\/theme-appearance\/footer-horizontal-right\/\" \/>\n<meta property=\"og:locale\" content=\"pt_PT\" \/>\n<meta property=\"og:type\" content=\"article\" \/>\n<meta property=\"og:title\" content=\"Footer Horizontal Right - Cl\u00e1udio Marques - Designer Multim\u00e9dia\" \/>\n<meta property=\"og:url\" content=\"http:\/\/creativebox.pt\/claudiomarques\/theme-appearance\/footer-horizontal-right\/\" \/>\n<meta property=\"og:site_name\" content=\"Cl\u00e1udio Marques - Designer Multim\u00e9dia\" \/>\n<meta property=\"article:modified_time\" content=\"2020-11-26T02:28:38+00:00\" \/>\n<meta name=\"twitter:card\" content=\"summary_large_image\" \/>\n<script type=\"application\/ld+json\" class=\"yoast-schema-graph\">{\"@context\":\"https:\/\/schema.org\",\"@graph\":[{\"@type\":\"WebPage\",\"@id\":\"http:\/\/creativebox.pt\/claudiomarques\/theme-appearance\/footer-horizontal-right\/\",\"url\":\"http:\/\/creativebox.pt\/claudiomarques\/theme-appearance\/footer-horizontal-right\/\",\"name\":\"Footer Horizontal Right - Cl\u00e1udio Marques - Designer Multim\u00e9dia\",\"isPartOf\":{\"@id\":\"http:\/\/creativebox.pt\/claudiomarques\/#website\"},\"datePublished\":\"2015-04-20T22:32:46+00:00\",\"dateModified\":\"2020-11-26T02:28:38+00:00\",\"breadcrumb\":{\"@id\":\"http:\/\/creativebox.pt\/claudiomarques\/theme-appearance\/footer-horizontal-right\/#breadcrumb\"},\"inLanguage\":\"pt-PT\",\"potentialAction\":[{\"@type\":\"ReadAction\",\"target\":[\"http:\/\/creativebox.pt\/claudiomarques\/theme-appearance\/footer-horizontal-right\/\"]}]},{\"@type\":\"BreadcrumbList\",\"@id\":\"http:\/\/creativebox.pt\/claudiomarques\/theme-appearance\/footer-horizontal-right\/#breadcrumb\",\"itemListElement\":[{\"@type\":\"ListItem\",\"position\":1,\"name\":\"In\u00edcio\",\"item\":\"http:\/\/creativebox.pt\/claudiomarques\/\"},{\"@type\":\"ListItem\",\"position\":2,\"name\":\"Appearance\",\"item\":\"http:\/\/creativebox.pt\/claudiomarques\/theme-appearance\/\"},{\"@type\":\"ListItem\",\"position\":3,\"name\":\"Footer Horizontal Right\"}]},{\"@type\":\"WebSite\",\"@id\":\"http:\/\/creativebox.pt\/claudiomarques\/#website\",\"url\":\"http:\/\/creativebox.pt\/claudiomarques\/\",\"name\":\"Cl\u00e1udio Marques - Designer Multim\u00e9dia\",\"description\":\"Portf\u00f3lio de Cl\u00e1udio Marques\",\"potentialAction\":[{\"@type\":\"SearchAction\",\"target\":{\"@type\":\"EntryPoint\",\"urlTemplate\":\"http:\/\/creativebox.pt\/claudiomarques\/?s={search_term_string}\"},\"query-input\":{\"@type\":\"PropertyValueSpecification\",\"valueRequired\":true,\"valueName\":\"search_term_string\"}}],\"inLanguage\":\"pt-PT\"}]}<\/script>\n<!-- \/ Yoast SEO plugin. -->","yoast_head_json":{"title":"Footer Horizontal Right - Cl\u00e1udio Marques - Designer Multim\u00e9dia","robots":{"index":"index","follow":"follow","max-snippet":"max-snippet:-1","max-image-preview":"max-image-preview:large","max-video-preview":"max-video-preview:-1"},"canonical":"http:\/\/creativebox.pt\/claudiomarques\/theme-appearance\/footer-horizontal-right\/","og_locale":"pt_PT","og_type":"article","og_title":"Footer Horizontal Right - Cl\u00e1udio Marques - Designer Multim\u00e9dia","og_url":"http:\/\/creativebox.pt\/claudiomarques\/theme-appearance\/footer-horizontal-right\/","og_site_name":"Cl\u00e1udio Marques - Designer Multim\u00e9dia","article_modified_time":"2020-11-26T02:28:38+00:00","twitter_card":"summary_large_image","schema":{"@context":"https:\/\/schema.org","@graph":[{"@type":"WebPage","@id":"http:\/\/creativebox.pt\/claudiomarques\/theme-appearance\/footer-horizontal-right\/","url":"http:\/\/creativebox.pt\/claudiomarques\/theme-appearance\/footer-horizontal-right\/","name":"Footer Horizontal Right - Cl\u00e1udio Marques - Designer Multim\u00e9dia","isPartOf":{"@id":"http:\/\/creativebox.pt\/claudiomarques\/#website"},"datePublished":"2015-04-20T22:32:46+00:00","dateModified":"2020-11-26T02:28:38+00:00","breadcrumb":{"@id":"http:\/\/creativebox.pt\/claudiomarques\/theme-appearance\/footer-horizontal-right\/#breadcrumb"},"inLanguage":"pt-PT","potentialAction":[{"@type":"ReadAction","target":["http:\/\/creativebox.pt\/claudiomarques\/theme-appearance\/footer-horizontal-right\/"]}]},{"@type":"BreadcrumbList","@id":"http:\/\/creativebox.pt\/claudiomarques\/theme-appearance\/footer-horizontal-right\/#breadcrumb","itemListElement":[{"@type":"ListItem","position":1,"name":"In\u00edcio","item":"http:\/\/creativebox.pt\/claudiomarques\/"},{"@type":"ListItem","position":2,"name":"Appearance","item":"http:\/\/creativebox.pt\/claudiomarques\/theme-appearance\/"},{"@type":"ListItem","position":3,"name":"Footer Horizontal Right"}]},{"@type":"WebSite","@id":"http:\/\/creativebox.pt\/claudiomarques\/#website","url":"http:\/\/creativebox.pt\/claudiomarques\/","name":"Cl\u00e1udio Marques - Designer Multim\u00e9dia","description":"Portf\u00f3lio de Cl\u00e1udio Marques","potentialAction":[{"@type":"SearchAction","target":{"@type":"EntryPoint","urlTemplate":"http:\/\/creativebox.pt\/claudiomarques\/?s={search_term_string}"},"query-input":{"@type":"PropertyValueSpecification","valueRequired":true,"valueName":"search_term_string"}}],"inLanguage":"pt-PT"}]}},"builder_content":"","_links":{"self":[{"href":"http:\/\/creativebox.pt\/claudiomarques\/wp-json\/wp\/v2\/pages\/3592","targetHints":{"allow":["GET"]}}],"collection":[{"href":"http:\/\/creativebox.pt\/claudiomarques\/wp-json\/wp\/v2\/pages"}],"about":[{"href":"http:\/\/creativebox.pt\/claudiomarques\/wp-json\/wp\/v2\/types\/page"}],"author":[{"embeddable":true,"href":"http:\/\/creativebox.pt\/claudiomarques\/wp-json\/wp\/v2\/users\/1"}],"replies":[{"embeddable":true,"href":"http:\/\/creativebox.pt\/claudiomarques\/wp-json\/wp\/v2\/comments?post=3592"}],"version-history":[{"count":0,"href":"http:\/\/creativebox.pt\/claudiomarques\/wp-json\/wp\/v2\/pages\/3592\/revisions"}],"up":[{"embeddable":true,"href":"http:\/\/creativebox.pt\/claudiomarques\/wp-json\/wp\/v2\/pages\/3420"}],"wp:attachment":[{"href":"http:\/\/creativebox.pt\/claudiomarques\/wp-json\/wp\/v2\/media?parent=3592"}],"curies":[{"name":"wp","href":"https:\/\/api.w.org\/{rel}","templated":true}]}}