{"id":2512,"date":"2016-01-10T00:32:45","date_gmt":"2016-01-10T00:32:45","guid":{"rendered":"https:\/\/themify.me\/demo\/themes\/landing\/?page_id=2512"},"modified":"2020-11-12T20:24:16","modified_gmt":"2020-11-12T20:24:16","slug":"home","status":"publish","type":"page","link":"http:\/\/creativebox.pt\/claudiomarques\/","title":{"rendered":"Home"},"content":{"rendered":"\n<!-- Facebook Like Button Vivacity Infotech BEGIN -->\n<div class=\"fb-like\" data-href=\"http:\/\/creativebox.pt\/claudiomarques\/\" data-layout=\"standard\" data-action=\"like\" data-show-faces=\"false\" data-size=\"small\" data-width=\"450\" data-share=\"\" ><\/div>\n<!-- Facebook Like Button Vivacity Infotech END -->\n<div id=\"themify_builder_content-2512\" data-postid=\"2512\" class=\"themify_builder_content themify_builder_content-2512 themify_builder\">\n    \t<!-- module_row -->\n\t<div   class=\"themify_builder_row module_row clearfix fullwidth_row_container module_row_0 themify_builder_2512_row module_row_2512-0 tb_28xn104\">\n\t    <div class=\"builder_row_cover\"><\/div>\t    <div class=\"row_inner col_align_top\" >\n\t\t\t<div  class=\"module_column tb-column col-full  first tb_2512_column module_column_0 module_column_2512-0-0 tb_xwp1604\">\n\t    \t    \t        <div class=\"tb-column-inner\">\n\t\t    \t<div  class=\"themify_builder_sub_row module_subrow clearfix sub_row_0-0-1 tb_1hf0881\">\n\t    \t    <div class=\"subrow_inner col_align_top\" >\n\t\t\t<div style=\"width:36.946%;\" class=\"sub_column module_column col3-1  first sub_column_post_2512 sub_column_0-0-1-0 tb_uq2h150\"> \n\t    \t    \t<\/div>\n\t\t<div style=\"width:25.4603%;\" class=\"sub_column module_column col3-1 middle sub_column_post_2512 sub_column_0-0-1-1 tb_hlpy474\"> \n\t    \t    \t        <div class=\"tb-column-inner\">\n\t\t        <!-- module image -->\n    <div  class=\"module module-image tb_ixd9099   image-overlay  \">\n\t                <div class=\"image-wrap\">\n                            <img decoding=\"async\" src=\"http:\/\/creativebox.pt\/claudiomarques\/wp-content\/uploads\/sites\/7\/2017\/06\/logo-01-1024x491-600x287.png\" width=\"600\" class=\" wp-post-image wp-image-5345\" alt=\"logo-01\" srcset=\"http:\/\/creativebox.pt\/claudiomarques\/wp-content\/uploads\/sites\/7\/2017\/06\/logo-01-1024x491-600x287.png 600w, http:\/\/creativebox.pt\/claudiomarques\/wp-content\/uploads\/sites\/7\/2017\/06\/logo-01-1024x491-300x143.png 300w, http:\/\/creativebox.pt\/claudiomarques\/wp-content\/uploads\/sites\/7\/2017\/06\/logo-01-768x368.png 768w, http:\/\/creativebox.pt\/claudiomarques\/wp-content\/uploads\/sites\/7\/2017\/06\/logo-01-1024x491.png 1024w, http:\/\/creativebox.pt\/claudiomarques\/wp-content\/uploads\/sites\/7\/2017\/06\/logo-01-1024x491-50x23.png 50w, http:\/\/creativebox.pt\/claudiomarques\/wp-content\/uploads\/sites\/7\/2017\/06\/logo-01-1024x491-4x2.png 4w, http:\/\/creativebox.pt\/claudiomarques\/wp-content\/uploads\/sites\/7\/2017\/06\/logo-01-1024x491-20x9.png 20w, http:\/\/creativebox.pt\/claudiomarques\/wp-content\/uploads\/sites\/7\/2017\/06\/logo-01-1024x491-100x47.png 100w, http:\/\/creativebox.pt\/claudiomarques\/wp-content\/uploads\/sites\/7\/2017\/06\/logo-01-1024x491-400x191.png 400w, http:\/\/creativebox.pt\/claudiomarques\/wp-content\/uploads\/sites\/7\/2017\/06\/logo-01-1024x491-500x239.png 500w, http:\/\/creativebox.pt\/claudiomarques\/wp-content\/uploads\/sites\/7\/2017\/06\/logo-01.png 1051w\" sizes=\"(max-width: 600px) 100vw, 600px\" \/>            \n            \n        \n            <\/div>\n        <!-- \/image-wrap -->\n        <\/div>\n    <!-- \/module image -->\n\t        <\/div>\n\t    \t<\/div>\n\t\t<div  class=\"sub_column module_column col3-1  last sub_column_post_2512 sub_column_0-0-1-2 tb_ohwe204\"> \n\t    \t    \t<\/div>\n\t\t    <\/div>\n\t<\/div><!-- \/themify_builder_sub_row -->\n\t\t        <\/div>\n\t    \t<\/div>\n\t\t    <\/div>\n\t    <!-- \/row_inner -->\n\t<\/div>\n\t<!-- \/module_row -->\n\t\t<!-- module_row -->\n\t<div   class=\"themify_builder_row module_row clearfix builder-parallax-scrolling fullwidth_row_container module_row_1 themify_builder_2512_row module_row_2512-1 tb_qcv9240\">\n\t    <div class=\"builder_row_cover\"><\/div>\t    <div class=\"row_inner col_align_top\" >\n\t\t\t<div  class=\"module_column tb-column col-full  first tb_2512_column module_column_0 module_column_2512-1-0 tb_9u5q477\">\n\t    \t    \t        <div class=\"tb-column-inner\">\n\t\t        <!-- module divider -->\n    <div  class=\"module module-divider tb_hcgm021 solid   divider-custom divider-center\" style=\"border-width: 1px;border-color: #ffffff;margin-bottom: 40px;width: 100px;\">\n\t            <\/div>\n    <!-- \/module divider -->\n<!-- module text -->\n<div  class=\"module module-text tb_grpk202    \" style=\"z-index:1;\">\n            <div  class=\"tb_text_wrap\">\n    <h2><a href=\"http:\/\/creativebox.pt\/claudiomarques\/skills\/\"><strong>Skills<\/strong><\/a><\/h2>    <\/div>\n<\/div>\n<!-- \/module text -->\n\t        <\/div>\n\t    \t<\/div>\n\t\t    <\/div>\n\t    <!-- \/row_inner -->\n\t<\/div>\n\t<!-- \/module_row -->\n\t\t<!-- module_row -->\n\t<div   class=\"themify_builder_row module_row clearfix builder-parallax-scrolling fullwidth_row_container module_row_2 themify_builder_2512_row module_row_2512-2 tb_apg5400\">\n\t    <div class=\"builder_row_cover\"><\/div>\t    <div class=\"row_inner col_align_top\" >\n\t\t\t<div  class=\"module_column tb-column col-full  first tb_2512_column module_column_0 module_column_2512-2-0 tb_3cm5486\">\n\t    \t    \t        <div class=\"tb-column-inner\">\n\t\t        <!-- module divider -->\n    <div  class=\"module module-divider tb_xrfj244 solid   divider-custom divider-center\" style=\"border-width: 1px;border-color: #ffffff;margin-bottom: 40px;width: 100px;\">\n\t            <\/div>\n    <!-- \/module divider -->\n<!-- module text -->\n<div  class=\"module module-text tb_r449220    \" style=\"z-index:1;\">\n            <div  class=\"tb_text_wrap\">\n    <h2><a href=\"http:\/\/creativebox.pt\/claudiomarques\/perfil\/\"><strong>Perfil<\/strong><\/a><\/h2>    <\/div>\n<\/div>\n<!-- \/module text -->\n\t        <\/div>\n\t    \t<\/div>\n\t\t    <\/div>\n\t    <!-- \/row_inner -->\n\t<\/div>\n\t<!-- \/module_row -->\n\t\t<!-- module_row -->\n\t<div   class=\"themify_builder_row module_row clearfix builder-parallax-scrolling fullwidth_row_container module_row_3 themify_builder_2512_row module_row_2512-3 tb_0tgf440\">\n\t    <div class=\"builder_row_cover\"><\/div>\t    <div class=\"row_inner col_align_top\" >\n\t\t\t<div  class=\"module_column tb-column col-full  first tb_2512_column module_column_0 module_column_2512-3-0 tb_tl01248\">\n\t    \t    \t        <div class=\"tb-column-inner\">\n\t\t        <!-- module divider -->\n    <div  class=\"module module-divider tb_a3ix020 solid   divider-custom divider-center\" style=\"border-width: 1px;border-color: #ffffff;margin-bottom: 40px;width: 100px;\">\n\t            <\/div>\n    <!-- \/module divider -->\n<!-- module text -->\n<div  class=\"module module-text tb_2ykx244    \" style=\"z-index:1;\">\n            <div  class=\"tb_text_wrap\">\n    <h2><a href=\"http:\/\/creativebox.pt\/claudiomarques\/portfolio\/\"><strong>Portf\u00f3lio<\/strong><\/a><\/h2>    <\/div>\n<\/div>\n<!-- \/module text -->\n\t        <\/div>\n\t    \t<\/div>\n\t\t    <\/div>\n\t    <!-- \/row_inner -->\n\t<\/div>\n\t<!-- \/module_row -->\n\t\t<!-- module_row -->\n\t<div   class=\"themify_builder_row module_row clearfix builder-parallax-scrolling fullwidth_row_container module_row_4 themify_builder_2512_row module_row_2512-4 tb_dg1b040\">\n\t    <div class=\"builder_row_cover\"><\/div>\t    <div class=\"row_inner col_align_top\" >\n\t\t\t<div  class=\"module_column tb-column col-full  first tb_2512_column module_column_0 module_column_2512-4-0 tb_athr038\">\n\t    \t    \t        <div class=\"tb-column-inner\">\n\t\t        <!-- module divider -->\n    <div  class=\"module module-divider tb_t56l000 solid   divider-custom divider-center\" style=\"border-width: 1px;border-color: #ffffff;margin-bottom: 40px;width: 100px;\">\n\t            <\/div>\n    <!-- \/module divider -->\n<!-- module text -->\n<div  class=\"module module-text tb_rtm4222    \" style=\"z-index:1;\">\n            <div  class=\"tb_text_wrap\">\n    <h2><a href=\"http:\/\/creativebox.pt\/claudiomarques\/equipamento\/\"><strong>Equipamento<\/strong><\/a><\/h2>    <\/div>\n<\/div>\n<!-- \/module text -->\n\t        <\/div>\n\t    \t<\/div>\n\t\t    <\/div>\n\t    <!-- \/row_inner -->\n\t<\/div>\n\t<!-- \/module_row -->\n\t\t<!-- module_row -->\n\t<div   class=\"themify_builder_row module_row clearfix builder-parallax-scrolling fullwidth_row_container module_row_5 themify_builder_2512_row module_row_2512-5 tb_rkgo244\">\n\t    <div class=\"builder_row_cover\"><\/div>\t    <div class=\"row_inner col_align_top\" >\n\t\t\t<div  class=\"module_column tb-column col-full  first tb_2512_column module_column_0 module_column_2512-5-0 tb_zhm6440\">\n\t    \t    \t        <div class=\"tb-column-inner\">\n\t\t        <!-- module divider -->\n    <div  class=\"module module-divider tb_il5q208 solid   divider-custom divider-center\" style=\"border-width: 1px;border-color: #ffffff;margin-bottom: 40px;width: 100px;\">\n\t            <\/div>\n    <!-- \/module divider -->\n<!-- module text -->\n<div  class=\"module module-text tb_xioj485    \" style=\"z-index:1;\">\n            <div  class=\"tb_text_wrap\">\n    <h2><a href=\"http:\/\/creativebox.pt\/claudiomarques\/contacto\/\"><strong>Contacto<\/strong><\/a><\/h2>    <\/div>\n<\/div>\n<!-- \/module text -->\n\t        <\/div>\n\t    \t<\/div>\n\t\t    <\/div>\n\t    <!-- \/row_inner -->\n\t<\/div>\n\t<!-- \/module_row -->\n\t<\/div>\n\n\n","protected":false},"excerpt":{"rendered":"<p>Skills Perfil Portf\u00f3lio Equipamento Contacto<\/p>\n","protected":false},"author":1,"featured_media":0,"parent":0,"menu_order":0,"comment_status":"closed","ping_status":"closed","template":"","meta":{"footnotes":""},"class_list":["post-2512","page","type-page","status-publish","hentry","has-post-title","has-post-date","has-post-category","has-post-tag","has-post-comment","has-post-author",""],"yoast_head":"<!-- This site is optimized with the Yoast SEO plugin v24.0 - https:\/\/yoast.com\/wordpress\/plugins\/seo\/ -->\n<title>Cl\u00e1udio Marques - Designer Multim\u00e9dia<\/title>\n<meta name=\"robots\" content=\"index, follow, max-snippet:-1, max-image-preview:large, max-video-preview:-1\" \/>\n<link rel=\"canonical\" href=\"https:\/\/creativebox.pt\/claudiomarques\/\" \/>\n<meta property=\"og:locale\" content=\"pt_PT\" \/>\n<meta property=\"og:type\" content=\"article\" \/>\n<meta property=\"og:title\" content=\"Cl\u00e1udio Marques - Designer Multim\u00e9dia\" \/>\n<meta property=\"og:description\" content=\"P\u00e1gina pessoal do designer, vide\u00f3grafo e m\u00fasico Cl\u00e1udio Marques.\" \/>\n<meta property=\"og:url\" content=\"https:\/\/creativebox.pt\/claudiomarques\/\" \/>\n<meta property=\"og:site_name\" content=\"Cl\u00e1udio Marques - Designer Multim\u00e9dia\" \/>\n<meta property=\"article:modified_time\" content=\"2020-11-12T20:24:16+00:00\" \/>\n<meta property=\"og:image\" content=\"https:\/\/creativebox.pt\/claudiomarques\/wp-content\/uploads\/sites\/7\/2017\/06\/logo_300-01.png\" \/>\n\t<meta property=\"og:image:width\" content=\"2103\" \/>\n\t<meta property=\"og:image:height\" content=\"1008\" \/>\n\t<meta property=\"og:image:type\" content=\"image\/png\" \/>\n<meta name=\"twitter:card\" content=\"summary_large_image\" \/>\n<script type=\"application\/ld+json\" class=\"yoast-schema-graph\">{\"@context\":\"https:\/\/schema.org\",\"@graph\":[{\"@type\":\"WebPage\",\"@id\":\"https:\/\/creativebox.pt\/claudiomarques\/\",\"url\":\"https:\/\/creativebox.pt\/claudiomarques\/\",\"name\":\"Cl\u00e1udio Marques - Designer Multim\u00e9dia\",\"isPartOf\":{\"@id\":\"https:\/\/creativebox.pt\/claudiomarques\/#website\"},\"primaryImageOfPage\":{\"@id\":\"https:\/\/creativebox.pt\/claudiomarques\/#primaryimage\"},\"image\":{\"@id\":\"https:\/\/creativebox.pt\/claudiomarques\/#primaryimage\"},\"thumbnailUrl\":\"http:\/\/creativebox.pt\/claudiomarques\/wp-content\/uploads\/sites\/7\/2017\/06\/logo-01-1024x491-600x287.png\",\"datePublished\":\"2016-01-10T00:32:45+00:00\",\"dateModified\":\"2020-11-12T20:24:16+00:00\",\"breadcrumb\":{\"@id\":\"https:\/\/creativebox.pt\/claudiomarques\/#breadcrumb\"},\"inLanguage\":\"pt-PT\",\"potentialAction\":[{\"@type\":\"ReadAction\",\"target\":[\"https:\/\/creativebox.pt\/claudiomarques\/\"]}]},{\"@type\":\"ImageObject\",\"inLanguage\":\"pt-PT\",\"@id\":\"https:\/\/creativebox.pt\/claudiomarques\/#primaryimage\",\"url\":\"http:\/\/creativebox.pt\/claudiomarques\/wp-content\/uploads\/sites\/7\/2017\/06\/logo-01.png\",\"contentUrl\":\"http:\/\/creativebox.pt\/claudiomarques\/wp-content\/uploads\/sites\/7\/2017\/06\/logo-01.png\",\"width\":1051,\"height\":504},{\"@type\":\"BreadcrumbList\",\"@id\":\"https:\/\/creativebox.pt\/claudiomarques\/#breadcrumb\",\"itemListElement\":[{\"@type\":\"ListItem\",\"position\":1,\"name\":\"In\u00edcio\",\"item\":\"https:\/\/creativebox.pt\/claudiomarques\/\"},{\"@type\":\"ListItem\",\"position\":2,\"name\":\"Home\"}]},{\"@type\":\"WebSite\",\"@id\":\"https:\/\/creativebox.pt\/claudiomarques\/#website\",\"url\":\"https:\/\/creativebox.pt\/claudiomarques\/\",\"name\":\"Cl\u00e1udio Marques - Designer Multim\u00e9dia\",\"description\":\"Portf\u00f3lio de Cl\u00e1udio Marques\",\"potentialAction\":[{\"@type\":\"SearchAction\",\"target\":{\"@type\":\"EntryPoint\",\"urlTemplate\":\"https:\/\/creativebox.pt\/claudiomarques\/?s={search_term_string}\"},\"query-input\":{\"@type\":\"PropertyValueSpecification\",\"valueRequired\":true,\"valueName\":\"search_term_string\"}}],\"inLanguage\":\"pt-PT\"}]}<\/script>\n<!-- \/ Yoast SEO plugin. -->","yoast_head_json":{"title":"Cl\u00e1udio Marques - Designer Multim\u00e9dia","robots":{"index":"index","follow":"follow","max-snippet":"max-snippet:-1","max-image-preview":"max-image-preview:large","max-video-preview":"max-video-preview:-1"},"canonical":"https:\/\/creativebox.pt\/claudiomarques\/","og_locale":"pt_PT","og_type":"article","og_title":"Cl\u00e1udio Marques - Designer Multim\u00e9dia","og_description":"P\u00e1gina pessoal do designer, vide\u00f3grafo e m\u00fasico Cl\u00e1udio Marques.","og_url":"https:\/\/creativebox.pt\/claudiomarques\/","og_site_name":"Cl\u00e1udio Marques - Designer Multim\u00e9dia","article_modified_time":"2020-11-12T20:24:16+00:00","og_image":[{"width":2103,"height":1008,"url":"https:\/\/creativebox.pt\/claudiomarques\/wp-content\/uploads\/sites\/7\/2017\/06\/logo_300-01.png","type":"image\/png"}],"twitter_card":"summary_large_image","schema":{"@context":"https:\/\/schema.org","@graph":[{"@type":"WebPage","@id":"https:\/\/creativebox.pt\/claudiomarques\/","url":"https:\/\/creativebox.pt\/claudiomarques\/","name":"Cl\u00e1udio Marques - Designer Multim\u00e9dia","isPartOf":{"@id":"https:\/\/creativebox.pt\/claudiomarques\/#website"},"primaryImageOfPage":{"@id":"https:\/\/creativebox.pt\/claudiomarques\/#primaryimage"},"image":{"@id":"https:\/\/creativebox.pt\/claudiomarques\/#primaryimage"},"thumbnailUrl":"http:\/\/creativebox.pt\/claudiomarques\/wp-content\/uploads\/sites\/7\/2017\/06\/logo-01-1024x491-600x287.png","datePublished":"2016-01-10T00:32:45+00:00","dateModified":"2020-11-12T20:24:16+00:00","breadcrumb":{"@id":"https:\/\/creativebox.pt\/claudiomarques\/#breadcrumb"},"inLanguage":"pt-PT","potentialAction":[{"@type":"ReadAction","target":["https:\/\/creativebox.pt\/claudiomarques\/"]}]},{"@type":"ImageObject","inLanguage":"pt-PT","@id":"https:\/\/creativebox.pt\/claudiomarques\/#primaryimage","url":"http:\/\/creativebox.pt\/claudiomarques\/wp-content\/uploads\/sites\/7\/2017\/06\/logo-01.png","contentUrl":"http:\/\/creativebox.pt\/claudiomarques\/wp-content\/uploads\/sites\/7\/2017\/06\/logo-01.png","width":1051,"height":504},{"@type":"BreadcrumbList","@id":"https:\/\/creativebox.pt\/claudiomarques\/#breadcrumb","itemListElement":[{"@type":"ListItem","position":1,"name":"In\u00edcio","item":"https:\/\/creativebox.pt\/claudiomarques\/"},{"@type":"ListItem","position":2,"name":"Home"}]},{"@type":"WebSite","@id":"https:\/\/creativebox.pt\/claudiomarques\/#website","url":"https:\/\/creativebox.pt\/claudiomarques\/","name":"Cl\u00e1udio Marques - Designer Multim\u00e9dia","description":"Portf\u00f3lio de Cl\u00e1udio Marques","potentialAction":[{"@type":"SearchAction","target":{"@type":"EntryPoint","urlTemplate":"https:\/\/creativebox.pt\/claudiomarques\/?s={search_term_string}"},"query-input":{"@type":"PropertyValueSpecification","valueRequired":true,"valueName":"search_term_string"}}],"inLanguage":"pt-PT"}]}},"builder_content":"<img decoding=\"async\" src=\"http:\/\/creativebox.pt\/claudiomarques\/wp-content\/uploads\/sites\/7\/2017\/06\/logo-01-1024x491-600x287.png\" width=\"600\" alt=\"logo-01\" srcset=\"http:\/\/creativebox.pt\/claudiomarques\/wp-content\/uploads\/sites\/7\/2017\/06\/logo-01-1024x491-600x287.png 600w, http:\/\/creativebox.pt\/claudiomarques\/wp-content\/uploads\/sites\/7\/2017\/06\/logo-01-1024x491-300x143.png 300w, http:\/\/creativebox.pt\/claudiomarques\/wp-content\/uploads\/sites\/7\/2017\/06\/logo-01-768x368.png 768w, http:\/\/creativebox.pt\/claudiomarques\/wp-content\/uploads\/sites\/7\/2017\/06\/logo-01-1024x491.png 1024w, http:\/\/creativebox.pt\/claudiomarques\/wp-content\/uploads\/sites\/7\/2017\/06\/logo-01-1024x491-50x23.png 50w, http:\/\/creativebox.pt\/claudiomarques\/wp-content\/uploads\/sites\/7\/2017\/06\/logo-01-1024x491-4x2.png 4w, http:\/\/creativebox.pt\/claudiomarques\/wp-content\/uploads\/sites\/7\/2017\/06\/logo-01-1024x491-20x9.png 20w, http:\/\/creativebox.pt\/claudiomarques\/wp-content\/uploads\/sites\/7\/2017\/06\/logo-01-1024x491-100x47.png 100w, http:\/\/creativebox.pt\/claudiomarques\/wp-content\/uploads\/sites\/7\/2017\/06\/logo-01-1024x491-400x191.png 400w, http:\/\/creativebox.pt\/claudiomarques\/wp-content\/uploads\/sites\/7\/2017\/06\/logo-01-1024x491-500x239.png 500w, http:\/\/creativebox.pt\/claudiomarques\/wp-content\/uploads\/sites\/7\/2017\/06\/logo-01.png 1051w\" sizes=\"(max-width: 600px) 100vw, 600px\" \/>\n\n<h2><a href=\"http:\/\/creativebox.pt\/claudiomarques\/skills\/\"><strong>Skills<\/strong><\/a><\/h2>\n\n<h2><a href=\"http:\/\/creativebox.pt\/claudiomarques\/perfil\/\"><strong>Perfil<\/strong><\/a><\/h2>\n\n<h2><a href=\"http:\/\/creativebox.pt\/claudiomarques\/portfolio\/\"><strong>Portf\u00f3lio<\/strong><\/a><\/h2>\n\n<h2><a href=\"http:\/\/creativebox.pt\/claudiomarques\/equipamento\/\"><strong>Equipamento<\/strong><\/a><\/h2>\n\n<h2><a href=\"http:\/\/creativebox.pt\/claudiomarques\/contacto\/\"><strong>Contacto<\/strong><\/a><\/h2>","_links":{"self":[{"href":"http:\/\/creativebox.pt\/claudiomarques\/wp-json\/wp\/v2\/pages\/2512","targetHints":{"allow":["GET"]}}],"collection":[{"href":"http:\/\/creativebox.pt\/claudiomarques\/wp-json\/wp\/v2\/pages"}],"about":[{"href":"http:\/\/creativebox.pt\/claudiomarques\/wp-json\/wp\/v2\/types\/page"}],"author":[{"embeddable":true,"href":"http:\/\/creativebox.pt\/claudiomarques\/wp-json\/wp\/v2\/users\/1"}],"replies":[{"embeddable":true,"href":"http:\/\/creativebox.pt\/claudiomarques\/wp-json\/wp\/v2\/comments?post=2512"}],"version-history":[{"count":83,"href":"http:\/\/creativebox.pt\/claudiomarques\/wp-json\/wp\/v2\/pages\/2512\/revisions"}],"predecessor-version":[{"id":5928,"href":"http:\/\/creativebox.pt\/claudiomarques\/wp-json\/wp\/v2\/pages\/2512\/revisions\/5928"}],"wp:attachment":[{"href":"http:\/\/creativebox.pt\/claudiomarques\/wp-json\/wp\/v2\/media?parent=2512"}],"curies":[{"name":"wp","href":"https:\/\/api.w.org\/{rel}","templated":true}]}}